{"id":108,"date":"2020-11-28T03:29:22","date_gmt":"2020-11-28T03:29:22","guid":{"rendered":"https:\/\/www.praxissegelsetzen.de\/?page_id=108"},"modified":"2021-01-27T20:34:53","modified_gmt":"2021-01-27T20:34:53","slug":"agb","status":"publish","type":"page","link":"https:\/\/www.praxissegelsetzen.de\/es\/agb","title":{"rendered":"AGB"},"content":{"rendered":"<p><b>Allgemeine Gesch\u00e4ftsbedingungen (AGB):<\/b><\/p>\n<p><b>\u00a7 1 Anwendung der Allgemeinen Gesch\u00e4ftsbedingungen<\/b><\/p>\n<ul>\n<li>Die AGB regeln die Gesch\u00e4ftsbeziehungen zwischen der Praxis \u201eSegel setzen\u201c (im folgendes Praxis genannt) und dem \/ der Klient:in als Beratungsvertrag im Sinne \u00a7\u00a7 611 ff B\u00fcrgerliches Gesetzbuch (BGB), soweit zwischen den Vertragsparteien nichts Abweichendes schriftlich vereinbart wurde.<\/li>\n<li>Der Beratungsvertrag kommt zustande, wenn der \/ die Klien:in das Angebot der Praxis annimmt.<\/li>\n<li>Als Klient:in der Praxis k\u00f6nnen Sie eine Systemische Einzel-, Paar- oder Familientherapie oder Beratung in Anspruch nehmen. Eine Therapie \/ Beratung ersetzt keine gr\u00fcndliche k\u00f6rperliche Untersuchung und Behandlung durch einen Arzt oder eine \u00c4rztin. Bei Beschwerden mit Krankheitswert ist der \/ die Klient:in ausdr\u00fccklich aufgefordert, sich in die Behandlung eines Arztes \/ einer \u00c4rztin zu begeben.<\/li>\n<li>Gem\u00e4\u00df \u00a71 Psychotherapeutengesetz der Bundesrepublik Deutschland wird eine Psychotherapie ausdr\u00fccklich ausgeschlossen und soll \/ kann auch nicht ersetzt werden.\u00a0 Zur Dienstleistung z\u00e4hlt <b>nicht <\/b>die T\u00e4tigkeit zur Feststellung, Heilung oder Linderung von St\u00f6rungen mit Krankheitswert oder die Heilbehandlung von psychischen St\u00f6rungen.<\/li>\n<\/ul>\n<p><b>\u00a7 2 Gesundheitszustand<\/b><\/p>\n<ul>\n<li>Der \/ die Klient:in versichert, dass er an keiner Erkrankung leidet, die seine \/ ihre Gesch\u00e4ftsf\u00e4higkeit beeintr\u00e4chtigt oder die einer Beratung aus medizinisch-psychologischen Gr\u00fcnden zurzeit entgegensteht. Sollte aktuell eine Psychotherapie in Anspruch genommen werden, (oder angeraten sein) best\u00e4tigt der \/ die Klient:in, dass er \/ sie dies dem Co-Therapeutinnenteam mitteilt und die Therapeutinnen \u00fcber die Beratung (Art, Themen, Ziel, u. a.) dauerhaft informiert ist und dieser Beratung auch zustimmt.<\/li>\n<\/ul>\n<p><b>\u00a7 3 Beratungsausschluss<\/b><\/p>\n<ul>\n<li>Sollte das Co-Therapeutinnenteam\u00a0im Beratungsgespr\u00e4ch den Eindruck gewinnen, dass der \/ die Ratsuchende psychiatrische Auff\u00e4lligkeiten zeigt oder verwirrt ist, wird das Beratungsgespr\u00e4ch mit dem Hinweis, sich in eine entsprechende Behandlung zu begeben, abgebrochen.<\/li>\n<li>Sollte das Co-Therapeutinnenteam\u00a0im Beratungsgespr\u00e4ch den Eindruck gewinnen, dass der \/ die Klient:in alkoholisiert oder unter Drogeneinfluss steht, wird die Beratung \/ Therapie von den Therapeutinnen abgebrochen.<span class=\"Apple-converted-space\">\u00a0<\/span><\/li>\n<li>Dar\u00fcber hinaus werden Beratungen sofort abgebrochen, wenn der \/ die Klient:in religi\u00f6s fanatische, sexistische oder rassischste \u00c4u\u00dferungen und \/ oder Beschimpfungen vornimmt.<span class=\"Apple-converted-space\">\u00a0<\/span><\/li>\n<\/ul>\n<p><b>\u00a7 4 Schweigepflicht<\/b><\/p>\n<ul>\n<li>Die Therapeutinnen unterliegen gem. \u00a7 203 Strafgesetzbuch (StGB) der Schweigepflicht.<\/li>\n<li>Eine Entbindung dieser Schweigepflicht darf nur dann erfolgen, wenn der \/ die Klient:in hierzu schriftlich sein \/ ihr Einverst\u00e4ndnis erteilt.<span class=\"Apple-converted-space\">\u00a0<\/span><\/li>\n<li>Ausnahmen von der Schweigepflicht sind geregelt nach \u00a7 138 StGB.<\/li>\n<\/ul>\n<p><b>\u00a7 5 Therapie- und Beratungserfolg<\/b><\/p>\n<p>Die Therapeutinnen k\u00f6nnen den gew\u00fcnschten oder geplanten Erfolg oder das Erreichen vereinbarter Ziele in der gemeinsamen Arbeit nicht garantieren. Beide Parteien arbeiten jedoch nach bestem Wissen und K\u00f6nnen daran, dass m\u00f6glichst bald ein Therapie- und Beratungserfolg eintritt.<\/p>\n<p><b>\u00a7 6 Honorar und Bezahlung<\/b><\/p>\n<ul>\n<li>Es gelten die auf der Homepage festgelegten aktuellen Honorars\u00e4tze. Der Stundensatz wird auf der Basis der tats\u00e4chlich angefallenen Zeit berechnet.<span class=\"Apple-converted-space\">\u00a0<\/span><\/li>\n<li>Die Bezahlung nach schriftlicher Rechnungslegung oder nach jeder Sitzung in bar. Nach Rechnungsstellung ist innerhalb von 5 Tagen per Bank\u00fcberweisung zu zahlen.<\/li>\n<\/ul>\n<p><b>\u00a7 7 Termine und Ausfallhonorar<\/b><\/p>\n<ul>\n<li>Mit der Vereinbarung eines Termins in der Praxis gehen Sie eine vertragliche Beziehung ein.<\/li>\n<li>Ein Termin muss mind. 48 Stunden im Voraus abgesagt werden (rechtzeitige Abmeldung), wenn der \/ die Klient:in diesen nicht wahrnehmen kann.<\/li>\n<li><b><\/b>Nimmt der \/ die Klient:in den vereinbarten Termin ohne rechtzeitige Abmeldung nicht wahr, wird ein Ausfallhonorar in H\u00f6he des vereinbarten Honorars f\u00e4llig.<span class=\"Apple-converted-space\">\u00a0<\/span><\/li>\n<\/ul>\n<p><b>\u00a7 8 Behandlungsdauer und K\u00fcndigung<\/b><\/p>\n<ul>\n<li>Die Dauer und Termine der Sitzungen werden zwischen den Vertragspartnern im Erstgespr\u00e4ch und nachfolgend in beiderseitigem Einvernehmen m\u00fcndlich vereinbart.<\/li>\n<li>Beide Parteien sind berechtigt, den Beratungsvertrag ohne Angaben von Gr\u00fcnden zu beenden.<\/li>\n<\/ul>\n<p><b>\u00a7 9 Gerichtsstand, Selbstverantwortlichkeit<span class=\"Apple-converted-space\">\u00a0<\/span><\/b><\/p>\n<ul>\n<li>Gerichtsstand ist der Sitz der Beratungspraxis.<span class=\"Apple-converted-space\">\u00a0<\/span><\/li>\n<li>Die Beratung \/ Therapie in der Praxis enthebt Sie nicht davon, die volle Verantwortung f\u00fcr Ihre Handlungen selbst zu \u00fcbernehmen. Der \/ die Klient:in verpflichtet sich, die Therapeutinnen \u00fcber Handlung mit weitreichenden Konsequenzen zu unterrichten und diese im Voraus mitzuteilen.<span class=\"Apple-converted-space\">\u00a0<\/span><\/li>\n<\/ul>\n<p><b>\u00a7 10 Salvatorische Klausel<\/b><\/p>\n<p>Sollten einzelne Bestimmungen des Behandlungsvertrages oder der Allgemeinen<br \/>\nGesch\u00e4ftsbedingungen ung\u00fcltig oder nichtig sein oder werden, wird damit die Wirksamkeit des<br \/>\nBehandlungsvertrages insgesamt nicht tangiert. Die ung\u00fcltige oder nichtige Bestimmung ist vielmehr in freier Auslegung durch eine Bestimmung zu ersetzen, die dem Vertragszweck am n\u00e4chsten kommt<\/p>","protected":false},"excerpt":{"rendered":"<p>Allgemeine Gesch\u00e4ftsbedingungen (AGB): \u00a7 1 Anwendung der Allgemeinen Gesch\u00e4ftsbedingungen Die AGB regeln die Gesch\u00e4ftsbeziehungen zwischen der Praxis \u201eSegel setzen\u201c (im folgendes Praxis genannt) und dem \/ der Klient:in als Beratungsvertrag im Sinne \u00a7\u00a7 611 ff B\u00fcrgerliches Gesetzbuch (BGB), soweit zwischen den Vertragsparteien nichts Abweichendes schriftlich vereinbart wurde. Der Beratungsvertrag kommt zustande, wenn der \/ die Klien:in das Angebot der Praxis annimmt. Als Klient:in der Praxis k\u00f6nnen Sie eine Systemische Einzel-, Paar- oder Familientherapie oder Beratung in Anspruch nehmen. Eine Therapie \/ Beratung ersetzt keine gr\u00fcndliche k\u00f6rperliche Untersuchung und Behandlung durch einen Arzt oder eine \u00c4rztin. Bei Beschwerden mit Krankheitswert ist&#8230; <\/p>","protected":false},"author":1,"featured_media":0,"parent":0,"menu_order":0,"comment_status":"closed","ping_status":"closed","template":"","meta":{"footnotes":""},"class_list":["post-108","page","type-page","status-publish","hentry"],"yoast_head":"<!-- This site is optimized with the Yoast SEO plugin v19.9 - https:\/\/yoast.com\/wordpress\/plugins\/seo\/ -->\n<title>AGB - Praxis Segel setzen<\/title>\n<meta name=\"robots\" content=\"index, follow, max-snippet:-1, max-image-preview:large, max-video-preview:-1\" \/>\n<link rel=\"canonical\" href=\"https:\/\/www.praxissegelsetzen.de\/es\/agb\" \/>\n<meta property=\"og:locale\" content=\"es_ES\" \/>\n<meta property=\"og:type\" content=\"article\" \/>\n<meta property=\"og:title\" content=\"AGB - Praxis Segel setzen\" \/>\n<meta property=\"og:description\" content=\"Allgemeine Gesch\u00e4ftsbedingungen (AGB): \u00a7 1 Anwendung der Allgemeinen Gesch\u00e4ftsbedingungen Die AGB regeln die Gesch\u00e4ftsbeziehungen zwischen der Praxis \u201eSegel setzen\u201c (im folgendes Praxis genannt) und dem \/ der Klient:in als Beratungsvertrag im Sinne \u00a7\u00a7 611 ff B\u00fcrgerliches Gesetzbuch (BGB), soweit zwischen den Vertragsparteien nichts Abweichendes schriftlich vereinbart wurde. Der Beratungsvertrag kommt zustande, wenn der \/ die Klien:in das Angebot der Praxis annimmt. Als Klient:in der Praxis k\u00f6nnen Sie eine Systemische Einzel-, Paar- oder Familientherapie oder Beratung in Anspruch nehmen. Eine Therapie \/ Beratung ersetzt keine gr\u00fcndliche k\u00f6rperliche Untersuchung und Behandlung durch einen Arzt oder eine \u00c4rztin. Bei Beschwerden mit Krankheitswert ist...\" \/>\n<meta property=\"og:url\" content=\"https:\/\/www.praxissegelsetzen.de\/es\/agb\" \/>\n<meta property=\"og:site_name\" content=\"Praxis Segel setzen\" \/>\n<meta property=\"article:modified_time\" content=\"2021-01-27T20:34:53+00:00\" \/>\n<meta name=\"twitter:card\" content=\"summary_large_image\" \/>\n<meta name=\"twitter:label1\" content=\"Tiempo de lectura\" \/>\n\t<meta name=\"twitter:data1\" content=\"3 minutos\" \/>\n<script type=\"application\/ld+json\" class=\"yoast-schema-graph\">{\"@context\":\"https:\/\/schema.org\",\"@graph\":[{\"@type\":\"WebPage\",\"@id\":\"https:\/\/www.praxissegelsetzen.de\/es\/agb\",\"url\":\"https:\/\/www.praxissegelsetzen.de\/es\/agb\",\"name\":\"AGB - Praxis Segel setzen\",\"isPartOf\":{\"@id\":\"https:\/\/www.praxissegelsetzen.de\/#website\"},\"datePublished\":\"2020-11-28T03:29:22+00:00\",\"dateModified\":\"2021-01-27T20:34:53+00:00\",\"breadcrumb\":{\"@id\":\"https:\/\/www.praxissegelsetzen.de\/es\/agb#breadcrumb\"},\"inLanguage\":\"es\",\"potentialAction\":[{\"@type\":\"ReadAction\",\"target\":[\"https:\/\/www.praxissegelsetzen.de\/es\/agb\"]}]},{\"@type\":\"BreadcrumbList\",\"@id\":\"https:\/\/www.praxissegelsetzen.de\/es\/agb#breadcrumb\",\"itemListElement\":[{\"@type\":\"ListItem\",\"position\":1,\"name\":\"Startseite\",\"item\":\"https:\/\/www.praxissegelsetzen.de\/\"},{\"@type\":\"ListItem\",\"position\":2,\"name\":\"AGB\"}]},{\"@type\":\"WebSite\",\"@id\":\"https:\/\/www.praxissegelsetzen.de\/#website\",\"url\":\"https:\/\/www.praxissegelsetzen.de\/\",\"name\":\"Praxis Segel setzen\",\"description\":\"Praxis f\u00fcr systemische Therapie und Beratung\",\"potentialAction\":[{\"@type\":\"SearchAction\",\"target\":{\"@type\":\"EntryPoint\",\"urlTemplate\":\"https:\/\/www.praxissegelsetzen.de\/?s={search_term_string}\"},\"query-input\":\"required name=search_term_string\"}],\"inLanguage\":\"es\"}]}<\/script>\n<!-- \/ Yoast SEO plugin. -->","yoast_head_json":{"title":"AGB - Praxis Segel setzen","robots":{"index":"index","follow":"follow","max-snippet":"max-snippet:-1","max-image-preview":"max-image-preview:large","max-video-preview":"max-video-preview:-1"},"canonical":"https:\/\/www.praxissegelsetzen.de\/es\/agb","og_locale":"es_ES","og_type":"article","og_title":"AGB - Praxis Segel setzen","og_description":"Allgemeine Gesch\u00e4ftsbedingungen (AGB): \u00a7 1 Anwendung der Allgemeinen Gesch\u00e4ftsbedingungen Die AGB regeln die Gesch\u00e4ftsbeziehungen zwischen der Praxis \u201eSegel setzen\u201c (im folgendes Praxis genannt) und dem \/ der Klient:in als Beratungsvertrag im Sinne \u00a7\u00a7 611 ff B\u00fcrgerliches Gesetzbuch (BGB), soweit zwischen den Vertragsparteien nichts Abweichendes schriftlich vereinbart wurde. Der Beratungsvertrag kommt zustande, wenn der \/ die Klien:in das Angebot der Praxis annimmt. Als Klient:in der Praxis k\u00f6nnen Sie eine Systemische Einzel-, Paar- oder Familientherapie oder Beratung in Anspruch nehmen. Eine Therapie \/ Beratung ersetzt keine gr\u00fcndliche k\u00f6rperliche Untersuchung und Behandlung durch einen Arzt oder eine \u00c4rztin. Bei Beschwerden mit Krankheitswert ist...","og_url":"https:\/\/www.praxissegelsetzen.de\/es\/agb","og_site_name":"Praxis Segel setzen","article_modified_time":"2021-01-27T20:34:53+00:00","twitter_card":"summary_large_image","twitter_misc":{"Tiempo de lectura":"3 minutos"},"schema":{"@context":"https:\/\/schema.org","@graph":[{"@type":"WebPage","@id":"https:\/\/www.praxissegelsetzen.de\/es\/agb","url":"https:\/\/www.praxissegelsetzen.de\/es\/agb","name":"AGB - Praxis Segel setzen","isPartOf":{"@id":"https:\/\/www.praxissegelsetzen.de\/#website"},"datePublished":"2020-11-28T03:29:22+00:00","dateModified":"2021-01-27T20:34:53+00:00","breadcrumb":{"@id":"https:\/\/www.praxissegelsetzen.de\/es\/agb#breadcrumb"},"inLanguage":"es","potentialAction":[{"@type":"ReadAction","target":["https:\/\/www.praxissegelsetzen.de\/es\/agb"]}]},{"@type":"BreadcrumbList","@id":"https:\/\/www.praxissegelsetzen.de\/es\/agb#breadcrumb","itemListElement":[{"@type":"ListItem","position":1,"name":"Startseite","item":"https:\/\/www.praxissegelsetzen.de\/"},{"@type":"ListItem","position":2,"name":"AGB"}]},{"@type":"WebSite","@id":"https:\/\/www.praxissegelsetzen.de\/#website","url":"https:\/\/www.praxissegelsetzen.de\/","name":"Praxis Segel setzen","description":"Praxis f\u00fcr systemische Therapie und Beratung","potentialAction":[{"@type":"SearchAction","target":{"@type":"EntryPoint","urlTemplate":"https:\/\/www.praxissegelsetzen.de\/?s={search_term_string}"},"query-input":"required name=search_term_string"}],"inLanguage":"es"}]}},"_links":{"self":[{"href":"https:\/\/www.praxissegelsetzen.de\/es\/wp-json\/wp\/v2\/pages\/108","targetHints":{"allow":["GET"]}}],"collection":[{"href":"https:\/\/www.praxissegelsetzen.de\/es\/wp-json\/wp\/v2\/pages"}],"about":[{"href":"https:\/\/www.praxissegelsetzen.de\/es\/wp-json\/wp\/v2\/types\/page"}],"author":[{"embeddable":true,"href":"https:\/\/www.praxissegelsetzen.de\/es\/wp-json\/wp\/v2\/users\/1"}],"replies":[{"embeddable":true,"href":"https:\/\/www.praxissegelsetzen.de\/es\/wp-json\/wp\/v2\/comments?post=108"}],"version-history":[{"count":12,"href":"https:\/\/www.praxissegelsetzen.de\/es\/wp-json\/wp\/v2\/pages\/108\/revisions"}],"predecessor-version":[{"id":585,"href":"https:\/\/www.praxissegelsetzen.de\/es\/wp-json\/wp\/v2\/pages\/108\/revisions\/585"}],"wp:attachment":[{"href":"https:\/\/www.praxissegelsetzen.de\/es\/wp-json\/wp\/v2\/media?parent=108"}],"curies":[{"name":"wp","href":"https:\/\/api.w.org\/{rel}","templated":true}]}}