{"id":136,"date":"2020-12-14T17:43:39","date_gmt":"2020-12-14T17:43:39","guid":{"rendered":"https:\/\/www.praxissegelsetzen.de\/?page_id=136"},"modified":"2025-11-09T13:18:17","modified_gmt":"2025-11-09T13:18:17","slug":"alexandra-roidl","status":"publish","type":"page","link":"https:\/\/www.praxissegelsetzen.de\/es\/alexandra-roidl","title":{"rendered":"Alexandra Roidl"},"content":{"rendered":"<p>&nbsp;<\/p>\n<table width=\"100%\">\n<tbody>\n<tr>\n<td valign=\"top\" width=\"75%\"><strong>Alexandra Roidl<\/strong><br \/>\nJahrgang 1985<br \/>\nDipl. Sozialp\u00e4dagogin<br \/>\nSystemische Therapeutin \/ Familientherapeutin (DGSF)<\/p>\n<h4><\/h4>\n<h4 style=\"text-align: center;\"><em><br \/>\n\"Siempre se vuelve un poco diferente cuando lo dices\" <\/em><em>ausspricht!&#8221; <\/em><\/h4>\n<p style=\"text-align: center;\">(Hermann Hesse)<\/p>\n<p><strong>Quien Soy?<\/strong><\/p>\n<p>Estoy casada, mam\u00e1 de dos hijos, alegre, aventurera, abierta a cosas nuevas, enamorada de viajar, feliz de descubrir, disfruto estar en contacto con los dem\u00e1s. Una de mis pasiones es el idioma espa\u00f1ol. \u00a1Tengo muchas ganas de combinar esta pasi\u00f3n con mi nueva independencia y poder ofrecer terapias \/ asesoramiento en espa\u00f1ol tambi\u00e9n! A diferencia de las otras ofertas, realizar\u00e9 las consultas en espa\u00f1ol por mi cuenta.<\/p>\n<p>Como terapeuta sist\u00e9mico, mi actitud b\u00e1sica hacia otras personas y el mundo se caracteriza por la aceptaci\u00f3n mutua y la interacci\u00f3n respetuosa entre s\u00ed. \u00a1Cada persona es \u00fanica y necesita un encuentro con coraz\u00f3n, respeto y aprecio!<\/p>\n<p>La expansi\u00f3n constante de mis competencias sist\u00e9micas es algo natural para m\u00ed con el fin de crear el escenario \u00f3ptimo para usted en la implementaci\u00f3n. \u00a1Espero conocerle!<\/td>\n<td valign=\"top\"><img loading=\"lazy\" decoding=\"async\" class=\"alignnone size-medium wp-image-662\" src=\"https:\/\/www.praxissegelsetzen.de\/wp-content\/uploads\/2022\/02\/Alex-neu-200x300.jpg\" alt=\"\" width=\"200\" height=\"300\" srcset=\"https:\/\/www.praxissegelsetzen.de\/wp-content\/uploads\/2022\/02\/Alex-neu-200x300.jpg 200w, https:\/\/www.praxissegelsetzen.de\/wp-content\/uploads\/2022\/02\/Alex-neu-682x1024.jpg 682w, https:\/\/www.praxissegelsetzen.de\/wp-content\/uploads\/2022\/02\/Alex-neu-768x1152.jpg 768w, https:\/\/www.praxissegelsetzen.de\/wp-content\/uploads\/2022\/02\/Alex-neu-1024x1536.jpg 1024w, https:\/\/www.praxissegelsetzen.de\/wp-content\/uploads\/2022\/02\/Alex-neu-8x12.jpg 8w, https:\/\/www.praxissegelsetzen.de\/wp-content\/uploads\/2022\/02\/Alex-neu.jpg 1333w\" sizes=\"auto, (max-width: 200px) 100vw, 200px\" \/><\/td>\n<\/tr>\n<\/tbody>\n<\/table>\n<p><strong>Antecedentes profesionales:<\/strong><\/p>\n<ul>\n<li>2017 &#8211; heute: Systemische Therapeutin in der Aufsuchenden Familientherapie bei der Ohlebusch Villingen-Schwenningen GmbH an der Gesch\u00e4ftsstelle Radolfzell und stellvertretente Leitung<\/li>\n<li>2012 &#8211; 2017: Sozialp\u00e4dagogische Familienhilfe im Kinder- und Familienzentrum Villingen- Schwenningen, St. Franziskus Stiftung Heiligenbronn<\/li>\n<li>2010 &#8211; 2012: LVR- Klinik Bedburg- Hau, Dipl. Sozialp\u00e4dagogin in der Kinder- und Jugendpsychiatrie<\/li>\n<\/ul>\n<p><strong>Estudios y educaci\u00f3n superior:<\/strong><\/p>\n<ul>\n<li>seit 2025 in der Vertiefungsausbildung zur systemischen Paartherapeutin (zus\u00e4tzlich zur bereits abgeschlossenen Qualifikation ls systemische Paartherapeutin) am <a href=\"https:\/\/www.bodensee-institut.de\/\">Bodensee-Institut Radolfzell<\/a><\/li>\n<li>2024 &#8211; 2025: Ausbildung zur Fachkraft zur ambulanten R\u00fcckfallpr\u00e4vention (f\u00fcr sexuell \u00fcbergriffige Jugendliche) bei R. Blinkle und U. Sp\u00f6ttle-Krust (<a href=\"https:\/\/www.lag-jungenarbeit.de\/\">LAG-Jungen* &#8211; &amp; M\u00e4nner*arbeit Baden-W\u00fcrttemberg e.V.\u00a0<\/a>)<\/li>\n<li>2022: Ausbildung zur systemisch orientierten Fachkraft Kindeswohlgef\u00e4hrdung beim <a href=\"https:\/\/ppsb-hamburg.de\/\">PPSB-Hamburg<\/a><\/li>\n<li>2013 &#8211; 2015: Weiterbildung zur Systemischen Therapeutin \/ Familientherapeutin am <a href=\"https:\/\/www.bodensee-institut.de\/\">Bodensee-Institut Radolfzell<\/a><\/li>\n<li>2005 &#8211; 2010: Studium der Sozialp\u00e4dagogik an der Georg-Simon-Ohm Hochschule N\u00fcrnberg<\/li>\n<\/ul>\n<p><strong>Entrenamiento avanzado:<\/strong>:<\/p>\n<ul>\n<li>Pr\u00e4natale Einfl\u00fcsse auf die Entwicklung von Kindern<\/li>\n<li>Kindeswohlgef\u00e4hrdung und Risikoeinsch\u00e4tzung<\/li>\n<li>Gewaltfreie Kommunikation (GfK) nach Marshall Rosenberg<\/li>\n<li>Einf\u00fchrung in das Aggressions-Bew\u00e4ltigungsprogramm (ABPro)<\/li>\n<li>Trauma-Bindung-Kinderschutz<\/li>\n<\/ul>","protected":false},"excerpt":{"rendered":"<p>&nbsp; Alexandra Roidl Jahrgang 1985 Dipl. Sozialp\u00e4dagogin Systemische Therapeutin \/ Familientherapeutin (DGSF) &#8220;Es wird immer gleich ein wenig anders, wenn man es ausspricht!&#8221; (Hermann Hesse) Wer bin ich? Ich bin verheiratet, Mutter von zwei Kindern, lebensfroh, abenteuerlustig, offen f\u00fcr Neues, reiseverliebt, entdeckungsfreudig, gern in Kontakt mit Anderen. Eine meiner Leidenschaften ist die spanische Sprache. Ich freue mich sehr darauf, diese Leidenschaft mit meiner neuen Selbst\u00e4ndigkeit zu vereinen und Therapien \/ Beratungen auch auf Spanisch anbieten zu d\u00fcrfen! Die Beratungen auf Spanisch werde ich, im Gegensatz zu den anderen Angeboten, alleine durchf\u00fchren. Als systemische Therapeutin ist meine grundlegende Haltung anderen Menschen&#8230; <\/p>","protected":false},"author":1,"featured_media":633,"parent":0,"menu_order":0,"comment_status":"closed","ping_status":"closed","template":"page-templates\/template-full-width.php","meta":{"footnotes":""},"class_list":["post-136","page","type-page","status-publish","has-post-thumbnail","hentry"],"yoast_head":"<!-- This site is optimized with the Yoast SEO plugin v19.9 - https:\/\/yoast.com\/wordpress\/plugins\/seo\/ -->\n<title>Alexandra Roidl - Praxis Segel setzen<\/title>\n<meta name=\"robots\" content=\"index, follow, max-snippet:-1, max-image-preview:large, max-video-preview:-1\" \/>\n<link rel=\"canonical\" href=\"https:\/\/www.praxissegelsetzen.de\/es\/alexandra-roidl\/\" \/>\n<meta property=\"og:locale\" content=\"es_ES\" \/>\n<meta property=\"og:type\" content=\"article\" \/>\n<meta property=\"og:title\" content=\"Alexandra Roidl - Praxis Segel setzen\" \/>\n<meta property=\"og:description\" content=\"&nbsp; Alexandra Roidl Jahrgang 1985 Dipl. Sozialp\u00e4dagogin Systemische Therapeutin \/ Familientherapeutin (DGSF) &#8220;Es wird immer gleich ein wenig anders, wenn man es ausspricht!&#8221; (Hermann Hesse) Wer bin ich? Ich bin verheiratet, Mutter von zwei Kindern, lebensfroh, abenteuerlustig, offen f\u00fcr Neues, reiseverliebt, entdeckungsfreudig, gern in Kontakt mit Anderen. Eine meiner Leidenschaften ist die spanische Sprache. Ich freue mich sehr darauf, diese Leidenschaft mit meiner neuen Selbst\u00e4ndigkeit zu vereinen und Therapien \/ Beratungen auch auf Spanisch anbieten zu d\u00fcrfen! Die Beratungen auf Spanisch werde ich, im Gegensatz zu den anderen Angeboten, alleine durchf\u00fchren. Als systemische Therapeutin ist meine grundlegende Haltung anderen Menschen...\" \/>\n<meta property=\"og:url\" content=\"https:\/\/www.praxissegelsetzen.de\/es\/alexandra-roidl\/\" \/>\n<meta property=\"og:site_name\" content=\"Praxis Segel setzen\" \/>\n<meta property=\"article:modified_time\" content=\"2025-11-09T13:18:17+00:00\" \/>\n<meta property=\"og:image\" content=\"https:\/\/www.praxissegelsetzen.de\/wp-content\/uploads\/2021\/10\/485A8555neuklein.jpg\" \/>\n\t<meta property=\"og:image:width\" content=\"2000\" \/>\n\t<meta property=\"og:image:height\" content=\"1314\" \/>\n\t<meta property=\"og:image:type\" content=\"image\/jpeg\" \/>\n<meta name=\"twitter:card\" content=\"summary_large_image\" \/>\n<meta name=\"twitter:label1\" content=\"Tiempo de lectura\" \/>\n\t<meta name=\"twitter:data1\" content=\"2 minutos\" \/>\n<script type=\"application\/ld+json\" class=\"yoast-schema-graph\">{\"@context\":\"https:\/\/schema.org\",\"@graph\":[{\"@type\":\"WebPage\",\"@id\":\"https:\/\/www.praxissegelsetzen.de\/alexandra-roidl\",\"url\":\"https:\/\/www.praxissegelsetzen.de\/alexandra-roidl\",\"name\":\"Alexandra Roidl - Praxis Segel setzen\",\"isPartOf\":{\"@id\":\"https:\/\/www.praxissegelsetzen.de\/#website\"},\"datePublished\":\"2020-12-14T17:43:39+00:00\",\"dateModified\":\"2025-11-09T13:18:17+00:00\",\"breadcrumb\":{\"@id\":\"https:\/\/www.praxissegelsetzen.de\/alexandra-roidl#breadcrumb\"},\"inLanguage\":\"es\",\"potentialAction\":[{\"@type\":\"ReadAction\",\"target\":[\"https:\/\/www.praxissegelsetzen.de\/alexandra-roidl\"]}]},{\"@type\":\"BreadcrumbList\",\"@id\":\"https:\/\/www.praxissegelsetzen.de\/alexandra-roidl#breadcrumb\",\"itemListElement\":[{\"@type\":\"ListItem\",\"position\":1,\"name\":\"Startseite\",\"item\":\"https:\/\/www.praxissegelsetzen.de\/\"},{\"@type\":\"ListItem\",\"position\":2,\"name\":\"Alexandra Roidl\"}]},{\"@type\":\"WebSite\",\"@id\":\"https:\/\/www.praxissegelsetzen.de\/#website\",\"url\":\"https:\/\/www.praxissegelsetzen.de\/\",\"name\":\"Praxis Segel setzen\",\"description\":\"Praxis f\u00fcr systemische Therapie und Beratung\",\"potentialAction\":[{\"@type\":\"SearchAction\",\"target\":{\"@type\":\"EntryPoint\",\"urlTemplate\":\"https:\/\/www.praxissegelsetzen.de\/?s={search_term_string}\"},\"query-input\":\"required name=search_term_string\"}],\"inLanguage\":\"es\"}]}<\/script>\n<!-- \/ Yoast SEO plugin. -->","yoast_head_json":{"title":"Alexandra Roidl - Praxis Segel setzen","robots":{"index":"index","follow":"follow","max-snippet":"max-snippet:-1","max-image-preview":"max-image-preview:large","max-video-preview":"max-video-preview:-1"},"canonical":"https:\/\/www.praxissegelsetzen.de\/es\/alexandra-roidl\/","og_locale":"es_ES","og_type":"article","og_title":"Alexandra Roidl - Praxis Segel setzen","og_description":"&nbsp; Alexandra Roidl Jahrgang 1985 Dipl. Sozialp\u00e4dagogin Systemische Therapeutin \/ Familientherapeutin (DGSF) &#8220;Es wird immer gleich ein wenig anders, wenn man es ausspricht!&#8221; (Hermann Hesse) Wer bin ich? Ich bin verheiratet, Mutter von zwei Kindern, lebensfroh, abenteuerlustig, offen f\u00fcr Neues, reiseverliebt, entdeckungsfreudig, gern in Kontakt mit Anderen. Eine meiner Leidenschaften ist die spanische Sprache. Ich freue mich sehr darauf, diese Leidenschaft mit meiner neuen Selbst\u00e4ndigkeit zu vereinen und Therapien \/ Beratungen auch auf Spanisch anbieten zu d\u00fcrfen! Die Beratungen auf Spanisch werde ich, im Gegensatz zu den anderen Angeboten, alleine durchf\u00fchren. Als systemische Therapeutin ist meine grundlegende Haltung anderen Menschen...","og_url":"https:\/\/www.praxissegelsetzen.de\/es\/alexandra-roidl\/","og_site_name":"Praxis Segel setzen","article_modified_time":"2025-11-09T13:18:17+00:00","og_image":[{"width":2000,"height":1314,"url":"https:\/\/www.praxissegelsetzen.de\/wp-content\/uploads\/2021\/10\/485A8555neuklein.jpg","type":"image\/jpeg"}],"twitter_card":"summary_large_image","twitter_misc":{"Tiempo de lectura":"2 minutos"},"schema":{"@context":"https:\/\/schema.org","@graph":[{"@type":"WebPage","@id":"https:\/\/www.praxissegelsetzen.de\/alexandra-roidl","url":"https:\/\/www.praxissegelsetzen.de\/alexandra-roidl","name":"Alexandra Roidl - Praxis Segel setzen","isPartOf":{"@id":"https:\/\/www.praxissegelsetzen.de\/#website"},"datePublished":"2020-12-14T17:43:39+00:00","dateModified":"2025-11-09T13:18:17+00:00","breadcrumb":{"@id":"https:\/\/www.praxissegelsetzen.de\/alexandra-roidl#breadcrumb"},"inLanguage":"es","potentialAction":[{"@type":"ReadAction","target":["https:\/\/www.praxissegelsetzen.de\/alexandra-roidl"]}]},{"@type":"BreadcrumbList","@id":"https:\/\/www.praxissegelsetzen.de\/alexandra-roidl#breadcrumb","itemListElement":[{"@type":"ListItem","position":1,"name":"Startseite","item":"https:\/\/www.praxissegelsetzen.de\/"},{"@type":"ListItem","position":2,"name":"Alexandra Roidl"}]},{"@type":"WebSite","@id":"https:\/\/www.praxissegelsetzen.de\/#website","url":"https:\/\/www.praxissegelsetzen.de\/","name":"Praxis Segel setzen","description":"Praxis f\u00fcr systemische Therapie und Beratung","potentialAction":[{"@type":"SearchAction","target":{"@type":"EntryPoint","urlTemplate":"https:\/\/www.praxissegelsetzen.de\/?s={search_term_string}"},"query-input":"required name=search_term_string"}],"inLanguage":"es"}]}},"_links":{"self":[{"href":"https:\/\/www.praxissegelsetzen.de\/es\/wp-json\/wp\/v2\/pages\/136","targetHints":{"allow":["GET"]}}],"collection":[{"href":"https:\/\/www.praxissegelsetzen.de\/es\/wp-json\/wp\/v2\/pages"}],"about":[{"href":"https:\/\/www.praxissegelsetzen.de\/es\/wp-json\/wp\/v2\/types\/page"}],"author":[{"embeddable":true,"href":"https:\/\/www.praxissegelsetzen.de\/es\/wp-json\/wp\/v2\/users\/1"}],"replies":[{"embeddable":true,"href":"https:\/\/www.praxissegelsetzen.de\/es\/wp-json\/wp\/v2\/comments?post=136"}],"version-history":[{"count":114,"href":"https:\/\/www.praxissegelsetzen.de\/es\/wp-json\/wp\/v2\/pages\/136\/revisions"}],"predecessor-version":[{"id":701,"href":"https:\/\/www.praxissegelsetzen.de\/es\/wp-json\/wp\/v2\/pages\/136\/revisions\/701"}],"wp:featuredmedia":[{"embeddable":true,"href":"https:\/\/www.praxissegelsetzen.de\/es\/wp-json\/wp\/v2\/media\/633"}],"wp:attachment":[{"href":"https:\/\/www.praxissegelsetzen.de\/es\/wp-json\/wp\/v2\/media?parent=136"}],"curies":[{"name":"wp","href":"https:\/\/api.w.org\/{rel}","templated":true}]}}