{"id":141,"date":"2020-12-21T09:28:04","date_gmt":"2020-12-21T09:28:04","guid":{"rendered":"https:\/\/www.praxissegelsetzen.de\/?page_id=141"},"modified":"2026-03-10T20:02:11","modified_gmt":"2026-03-10T20:02:11","slug":"therapie-bodensee-systemische-therapie-ueberlingen-stockach-konstanz-bodman-luwigshafen-radolfzell-therapie-spanisch-beratung","status":"publish","type":"page","link":"https:\/\/www.praxissegelsetzen.de\/es\/therapie-bodensee-systemische-therapie-ueberlingen-stockach-konstanz-bodman-luwigshafen-radolfzell-therapie-spanisch-beratung","title":{"rendered":"Terapia individual"},"content":{"rendered":"<p><strong>Einzeltherapie &#8211; Raum f\u00fcr Klarheit und neue Perspektiven<br \/>\n<\/strong><\/p>\n<p>Jeder Mensch erlebt Zeiten, in denen das Leben schwer oder energielos erscheint. Wenn Belastungen \u00fcberhand nehmen oder sich Situationen festgefahren anf\u00fchlen, kann es hilfreich sein, innezuhalten und neue Wege zu entdecken.<\/p>\n<p>In der systemischen Beratung oder Therapie geht es darum, hinderliche Muster zu erkennen, neue Perspektiven zu entwickeln und wieder Zugang zu den eigenen St\u00e4rken zu finden.<\/p>\n<p>Sie w\u00fcnschen sich (wieder) mehr Leichtigkeit, innere Ruhe oder Handlungsspielraum in Ihrem Leben? Gemeinsam schauen wir auf das, was gerade belastet und darauf, was Ihnen helfen kann, wieder Orientierung, Zufriedenheit und Balance zu gewinnen.<\/p>\n<p>M\u00f6gliche Themen f\u00fcr eine Einzeltherapie:<\/p>\n<ul>\n<li><b>Selbstf\u00fcrsorge, Achtsamkeit &amp; Abgrenzung<\/b>: Sie stehen unter Druck, funktionieren im Alltag und sp\u00fcren, dass Ihre eigenen Bed\u00fcrfnisse zu kurz kommen? Sie m\u00f6chten lernen, besser f\u00fcr sich zu sorgen?<\/li>\n<li><b>Sinn- und Lebenskrisen<\/b>: Sie fragen sich, wie es beruflich oder privat weitergehen soll? Sie w\u00fcnschen sich neue Perspektiven oder Orientierung?<\/li>\n<li><b>Conflictos con personas relacionadas<\/b>: Streit, Verletzungen oder Unsicherheiten in Beziehungen besch\u00e4ftigen Sie und Sie m\u00f6chten Wege finden, besser damit umzugehen?<\/li>\n<li><b>Inseguridad en las relaciones<\/b>: Sie wissen nicht, ob Sie an der Beziehung festhalten oder einen neuen Weg einschlage m\u00f6chten und suchen Klarheit?<\/li>\n<li><b>Problemas de separaci\u00f3n y divorcio<\/b>: Sie wissen nicht, wie Sie nach einer Trennung wieder auf die Beine kommen k\u00f6nnen? Sie fragen sich, wie Sie trotz Trennung gute Eltern bleiben k\u00f6nnen?<\/li>\n<li><b>Temas educativos<\/b>\u00bfSe siente a veces abrumado por criar a sus hijos? \u00bfLe gustar\u00eda recibir ayuda para encontrar reglas apropiadas para su edad?<span class=\"Apple-converted-space\">\u00a0<\/span><\/li>\n<li><b>Familia de origen<\/b>: Sie haben das Gef\u00fchl, Themen ihrer Herkunftsfamilie belasten Sie und hindern Sie an einer guten Balance und Weiterentwicklung? Sie wollen Muster Ihrer Herkunftsfamilie verstehen und unterbrechen? Sie m\u00f6chten lernen, sich von Ihrer Herkunftsfamilie gut abgrenzen zu k\u00f6nnen?<\/li>\n<\/ul>\n<p style=\"text-align: center;\"><span style=\"color: #ff6600;\"><strong>Das Angebot der Einzeltherapie kann auch auf Spanisch angeboten werden<\/strong><\/span><\/p>","protected":false},"excerpt":{"rendered":"<p>Einzeltherapie &#8211; Raum f\u00fcr Klarheit und neue Perspektiven Jeder Mensch erlebt Zeiten, in denen das Leben schwer oder energielos erscheint. Wenn Belastungen \u00fcberhand nehmen oder sich Situationen festgefahren anf\u00fchlen, kann es hilfreich sein, innezuhalten und neue Wege zu entdecken. In der systemischen Beratung oder Therapie geht es darum, hinderliche Muster zu erkennen, neue Perspektiven zu entwickeln und wieder Zugang zu den eigenen St\u00e4rken zu finden. Sie w\u00fcnschen sich (wieder) mehr Leichtigkeit, innere Ruhe oder Handlungsspielraum in Ihrem Leben? Gemeinsam schauen wir auf das, was gerade belastet und darauf, was Ihnen helfen kann, wieder Orientierung, Zufriedenheit und Balance zu gewinnen. M\u00f6gliche&#8230; <\/p>","protected":false},"author":1,"featured_media":318,"parent":0,"menu_order":0,"comment_status":"closed","ping_status":"closed","template":"page-templates\/template-full-width.php","meta":{"footnotes":""},"class_list":["post-141","page","type-page","status-publish","has-post-thumbnail","hentry"],"yoast_head":"<!-- This site is optimized with the Yoast SEO plugin v19.9 - https:\/\/yoast.com\/wordpress\/plugins\/seo\/ -->\n<title>Einzeltherapie - Praxis Segel setzen<\/title>\n<meta name=\"description\" content=\"Systemische Beratung und Therapie f\u00fcr Erwachsene am Bodensee in Bodman-Ludwigshafen\" \/>\n<meta name=\"robots\" content=\"index, follow, max-snippet:-1, max-image-preview:large, max-video-preview:-1\" \/>\n<link rel=\"canonical\" href=\"https:\/\/www.praxissegelsetzen.de\/es\/therapie-bodensee-systemische-therapie-ueberlingen-stockach-konstanz-bodman-luwigshafen-radolfzell-therapie-spanisch-beratung\/\" \/>\n<meta property=\"og:locale\" content=\"es_ES\" \/>\n<meta property=\"og:type\" content=\"article\" \/>\n<meta property=\"og:title\" content=\"Einzeltherapie - Praxis Segel setzen\" \/>\n<meta property=\"og:description\" content=\"Systemische Beratung und Therapie f\u00fcr Erwachsene am Bodensee in Bodman-Ludwigshafen\" \/>\n<meta property=\"og:url\" content=\"https:\/\/www.praxissegelsetzen.de\/es\/therapie-bodensee-systemische-therapie-ueberlingen-stockach-konstanz-bodman-luwigshafen-radolfzell-therapie-spanisch-beratung\/\" \/>\n<meta property=\"og:site_name\" content=\"Praxis Segel setzen\" \/>\n<meta property=\"article:modified_time\" content=\"2026-03-10T20:02:11+00:00\" \/>\n<meta property=\"og:image\" content=\"https:\/\/www.praxissegelsetzen.de\/wp-content\/uploads\/2021\/01\/Klo\u0308tzchen3-scaled.jpg\" \/>\n\t<meta property=\"og:image:width\" content=\"2560\" \/>\n\t<meta property=\"og:image:height\" content=\"1247\" \/>\n\t<meta property=\"og:image:type\" content=\"image\/jpeg\" \/>\n<meta name=\"twitter:card\" content=\"summary_large_image\" \/>\n<meta name=\"twitter:label1\" content=\"Tiempo de lectura\" \/>\n\t<meta name=\"twitter:data1\" content=\"2 minutos\" \/>\n<script type=\"application\/ld+json\" class=\"yoast-schema-graph\">{\"@context\":\"https:\/\/schema.org\",\"@graph\":[{\"@type\":\"WebPage\",\"@id\":\"https:\/\/www.praxissegelsetzen.de\/therapie-bodensee-systemische-therapie-ueberlingen-stockach-konstanz-bodman-luwigshafen-radolfzell-therapie-spanisch-beratung\",\"url\":\"https:\/\/www.praxissegelsetzen.de\/therapie-bodensee-systemische-therapie-ueberlingen-stockach-konstanz-bodman-luwigshafen-radolfzell-therapie-spanisch-beratung\",\"name\":\"Einzeltherapie - Praxis Segel setzen\",\"isPartOf\":{\"@id\":\"https:\/\/www.praxissegelsetzen.de\/#website\"},\"datePublished\":\"2020-12-21T09:28:04+00:00\",\"dateModified\":\"2026-03-10T20:02:11+00:00\",\"description\":\"Systemische Beratung und Therapie f\u00fcr Erwachsene am Bodensee in Bodman-Ludwigshafen\",\"breadcrumb\":{\"@id\":\"https:\/\/www.praxissegelsetzen.de\/therapie-bodensee-systemische-therapie-ueberlingen-stockach-konstanz-bodman-luwigshafen-radolfzell-therapie-spanisch-beratung#breadcrumb\"},\"inLanguage\":\"es\",\"potentialAction\":[{\"@type\":\"ReadAction\",\"target\":[\"https:\/\/www.praxissegelsetzen.de\/therapie-bodensee-systemische-therapie-ueberlingen-stockach-konstanz-bodman-luwigshafen-radolfzell-therapie-spanisch-beratung\"]}]},{\"@type\":\"BreadcrumbList\",\"@id\":\"https:\/\/www.praxissegelsetzen.de\/therapie-bodensee-systemische-therapie-ueberlingen-stockach-konstanz-bodman-luwigshafen-radolfzell-therapie-spanisch-beratung#breadcrumb\",\"itemListElement\":[{\"@type\":\"ListItem\",\"position\":1,\"name\":\"Startseite\",\"item\":\"https:\/\/www.praxissegelsetzen.de\/\"},{\"@type\":\"ListItem\",\"position\":2,\"name\":\"Einzeltherapie\"}]},{\"@type\":\"WebSite\",\"@id\":\"https:\/\/www.praxissegelsetzen.de\/#website\",\"url\":\"https:\/\/www.praxissegelsetzen.de\/\",\"name\":\"Praxis Segel setzen\",\"description\":\"Praxis f\u00fcr systemische Therapie und Beratung\",\"potentialAction\":[{\"@type\":\"SearchAction\",\"target\":{\"@type\":\"EntryPoint\",\"urlTemplate\":\"https:\/\/www.praxissegelsetzen.de\/?s={search_term_string}\"},\"query-input\":\"required name=search_term_string\"}],\"inLanguage\":\"es\"}]}<\/script>\n<!-- \/ Yoast SEO plugin. -->","yoast_head_json":{"title":"Einzeltherapie - Praxis Segel setzen","description":"Systemische Beratung und Therapie f\u00fcr Erwachsene am Bodensee in Bodman-Ludwigshafen","robots":{"index":"index","follow":"follow","max-snippet":"max-snippet:-1","max-image-preview":"max-image-preview:large","max-video-preview":"max-video-preview:-1"},"canonical":"https:\/\/www.praxissegelsetzen.de\/es\/therapie-bodensee-systemische-therapie-ueberlingen-stockach-konstanz-bodman-luwigshafen-radolfzell-therapie-spanisch-beratung\/","og_locale":"es_ES","og_type":"article","og_title":"Einzeltherapie - Praxis Segel setzen","og_description":"Systemische Beratung und Therapie f\u00fcr Erwachsene am Bodensee in Bodman-Ludwigshafen","og_url":"https:\/\/www.praxissegelsetzen.de\/es\/therapie-bodensee-systemische-therapie-ueberlingen-stockach-konstanz-bodman-luwigshafen-radolfzell-therapie-spanisch-beratung\/","og_site_name":"Praxis Segel setzen","article_modified_time":"2026-03-10T20:02:11+00:00","og_image":[{"width":2560,"height":1247,"url":"https:\/\/www.praxissegelsetzen.de\/wp-content\/uploads\/2021\/01\/Klo\u0308tzchen3-scaled.jpg","type":"image\/jpeg"}],"twitter_card":"summary_large_image","twitter_misc":{"Tiempo de lectura":"2 minutos"},"schema":{"@context":"https:\/\/schema.org","@graph":[{"@type":"WebPage","@id":"https:\/\/www.praxissegelsetzen.de\/therapie-bodensee-systemische-therapie-ueberlingen-stockach-konstanz-bodman-luwigshafen-radolfzell-therapie-spanisch-beratung","url":"https:\/\/www.praxissegelsetzen.de\/therapie-bodensee-systemische-therapie-ueberlingen-stockach-konstanz-bodman-luwigshafen-radolfzell-therapie-spanisch-beratung","name":"Einzeltherapie - Praxis Segel setzen","isPartOf":{"@id":"https:\/\/www.praxissegelsetzen.de\/#website"},"datePublished":"2020-12-21T09:28:04+00:00","dateModified":"2026-03-10T20:02:11+00:00","description":"Systemische Beratung und Therapie f\u00fcr Erwachsene am Bodensee in Bodman-Ludwigshafen","breadcrumb":{"@id":"https:\/\/www.praxissegelsetzen.de\/therapie-bodensee-systemische-therapie-ueberlingen-stockach-konstanz-bodman-luwigshafen-radolfzell-therapie-spanisch-beratung#breadcrumb"},"inLanguage":"es","potentialAction":[{"@type":"ReadAction","target":["https:\/\/www.praxissegelsetzen.de\/therapie-bodensee-systemische-therapie-ueberlingen-stockach-konstanz-bodman-luwigshafen-radolfzell-therapie-spanisch-beratung"]}]},{"@type":"BreadcrumbList","@id":"https:\/\/www.praxissegelsetzen.de\/therapie-bodensee-systemische-therapie-ueberlingen-stockach-konstanz-bodman-luwigshafen-radolfzell-therapie-spanisch-beratung#breadcrumb","itemListElement":[{"@type":"ListItem","position":1,"name":"Startseite","item":"https:\/\/www.praxissegelsetzen.de\/"},{"@type":"ListItem","position":2,"name":"Einzeltherapie"}]},{"@type":"WebSite","@id":"https:\/\/www.praxissegelsetzen.de\/#website","url":"https:\/\/www.praxissegelsetzen.de\/","name":"Praxis Segel setzen","description":"Praxis f\u00fcr systemische Therapie und Beratung","potentialAction":[{"@type":"SearchAction","target":{"@type":"EntryPoint","urlTemplate":"https:\/\/www.praxissegelsetzen.de\/?s={search_term_string}"},"query-input":"required name=search_term_string"}],"inLanguage":"es"}]}},"_links":{"self":[{"href":"https:\/\/www.praxissegelsetzen.de\/es\/wp-json\/wp\/v2\/pages\/141","targetHints":{"allow":["GET"]}}],"collection":[{"href":"https:\/\/www.praxissegelsetzen.de\/es\/wp-json\/wp\/v2\/pages"}],"about":[{"href":"https:\/\/www.praxissegelsetzen.de\/es\/wp-json\/wp\/v2\/types\/page"}],"author":[{"embeddable":true,"href":"https:\/\/www.praxissegelsetzen.de\/es\/wp-json\/wp\/v2\/users\/1"}],"replies":[{"embeddable":true,"href":"https:\/\/www.praxissegelsetzen.de\/es\/wp-json\/wp\/v2\/comments?post=141"}],"version-history":[{"count":13,"href":"https:\/\/www.praxissegelsetzen.de\/es\/wp-json\/wp\/v2\/pages\/141\/revisions"}],"predecessor-version":[{"id":711,"href":"https:\/\/www.praxissegelsetzen.de\/es\/wp-json\/wp\/v2\/pages\/141\/revisions\/711"}],"wp:featuredmedia":[{"embeddable":true,"href":"https:\/\/www.praxissegelsetzen.de\/es\/wp-json\/wp\/v2\/media\/318"}],"wp:attachment":[{"href":"https:\/\/www.praxissegelsetzen.de\/es\/wp-json\/wp\/v2\/media?parent=141"}],"curies":[{"name":"wp","href":"https:\/\/api.w.org\/{rel}","templated":true}]}}