{"id":144,"date":"2020-12-21T09:29:16","date_gmt":"2020-12-21T09:29:16","guid":{"rendered":"https:\/\/www.praxissegelsetzen.de\/?page_id=144"},"modified":"2026-03-10T20:01:58","modified_gmt":"2026-03-10T20:01:58","slug":"paartherapie-paarberatung-systemische-therapie-therapie-bodensee-stockach-ueberlingen-radolfzell-konstanz-bodman-ludwigshafen-beratung","status":"publish","type":"page","link":"https:\/\/www.praxissegelsetzen.de\/es\/paartherapie-paarberatung-systemische-therapie-therapie-bodensee-stockach-ueberlingen-radolfzell-konstanz-bodman-ludwigshafen-beratung","title":{"rendered":"Terapia de pareja"},"content":{"rendered":"<p><strong>Paartherapie &#8211; Raum f\u00fcr Beziehung und Entwicklung<\/strong><\/p>\n<p>Beziehungen sind lebendig &#8211; sie wachsen, ver\u00e4ndern sich und stellen uns immer wieder vor neue Herausforderungen. Liebe zu leben bedeutet, sich f\u00fcreinander zu entscheiden, Kompromisse einzugehen und gemeinsam Wege zu finden. Manchmal geraten Paare in Muster, die N\u00e4he erschweren: Gespr\u00e4che enden im Streit oder Schweigen, der Alltag nimmt \u00fcberhand, Intimit\u00e4t und Vertrauen gehen verloren. Was fr\u00fcher leicht war, f\u00fchlt sich pl\u00f6tzlich schwer und anstrengend an.<\/p>\n<p>In unserer Praxis bieten wir Ihnen einen gesch\u00fctzten Raum, um wieder ins Gespr\u00e4ch zu kommen, sich gegenseitig zu verstehen und neue Perspektiven zu entdecken. Als systemische Therapeutinnen unterst\u00fctzen wir Sie dabei, Ihre Beziehung mit neuen Augen zu sehen, festgefahrene Dynamiken zu l\u00f6sen und einen Umgang zu finden, der beiden guttut.<\/p>\n<p>M\u00f6gliche Themen k\u00f6nnen sein:<\/p>\n<ul>\n<li><b>Familie, Beruf und Paarsein<\/b>: Der Alltag ist voll, die Zeit f\u00fcreinander knapp? Sie w\u00fcnschen sich wieder mehr N\u00e4he und Leichtigkeit miteinander?<\/li>\n<li><b>Kommunikation<\/b>: Missverst\u00e4ndnisse, Streit oder Schweigen belaste Ihre Gespr\u00e4che? Sie m\u00f6chten wieder offen und ehrlich miteinander sprechen k\u00f6nnen?<\/li>\n<li><b>Intimit\u00e4t &amp; Sexualit\u00e4t<\/b>: K\u00f6rperliche und emotionale N\u00e4he hat sich ver\u00e4ndert und Sie m\u00f6chten wieder zueinander finden?<\/li>\n<li><b>Au\u00dfenbeziehung<\/b>: Nach einem Vertrauensbruch m\u00f6chte Sie pr\u00fcfen, ob und wie ein Neuanfang m\u00f6glich ist?<\/li>\n<li><b>Trennung und Neubeginn: <\/b>Sie haben entschieden, getrennte Wege zu gehen und m\u00f6chten diesen Schritt achtsam f\u00fcr alle Beteiligten gestalten?<\/li>\n<li><b>Unklarheit<\/b>: Sie wissen noch nicht, ob Sie bleiben oder gehen m\u00f6chten und w\u00fcnschen sich Klarheit f\u00fcr Ihren Weg? Wir begleiten Sie sowohl als Paar wie auch als Einzelperson.<\/li>\n<\/ul>","protected":false},"excerpt":{"rendered":"<p>Paartherapie &#8211; Raum f\u00fcr Beziehung und Entwicklung Beziehungen sind lebendig &#8211; sie wachsen, ver\u00e4ndern sich und stellen uns immer wieder vor neue Herausforderungen. Liebe zu leben bedeutet, sich f\u00fcreinander zu entscheiden, Kompromisse einzugehen und gemeinsam Wege zu finden. Manchmal geraten Paare in Muster, die N\u00e4he erschweren: Gespr\u00e4che enden im Streit oder Schweigen, der Alltag nimmt \u00fcberhand, Intimit\u00e4t und Vertrauen gehen verloren. Was fr\u00fcher leicht war, f\u00fchlt sich pl\u00f6tzlich schwer und anstrengend an. In unserer Praxis bieten wir Ihnen einen gesch\u00fctzten Raum, um wieder ins Gespr\u00e4ch zu kommen, sich gegenseitig zu verstehen und neue Perspektiven zu entdecken. Als systemische Therapeutinnen unterst\u00fctzen&#8230; <\/p>","protected":false},"author":1,"featured_media":318,"parent":0,"menu_order":0,"comment_status":"closed","ping_status":"closed","template":"page-templates\/template-full-width.php","meta":{"footnotes":""},"class_list":["post-144","page","type-page","status-publish","has-post-thumbnail","hentry"],"yoast_head":"<!-- This site is optimized with the Yoast SEO plugin v19.9 - https:\/\/yoast.com\/wordpress\/plugins\/seo\/ -->\n<title>Paartherapie - Praxis Segel setzen<\/title>\n<meta name=\"description\" content=\"Beratung und Therapie bei Konflikten in Partnerschaften. Systemische Praxis am Bodensee in Bodman-Ludwigshafen.\" \/>\n<meta name=\"robots\" content=\"index, follow, max-snippet:-1, max-image-preview:large, max-video-preview:-1\" \/>\n<link rel=\"canonical\" href=\"https:\/\/www.praxissegelsetzen.de\/es\/paartherapie-paarberatung-systemische-therapie-therapie-bodensee-stockach-ueberlingen-radolfzell-konstanz-bodman-ludwigshafen-beratung\/\" \/>\n<meta property=\"og:locale\" content=\"es_ES\" \/>\n<meta property=\"og:type\" content=\"article\" \/>\n<meta property=\"og:title\" content=\"Paartherapie - Praxis Segel setzen\" \/>\n<meta property=\"og:description\" content=\"Beratung und Therapie bei Konflikten in Partnerschaften. Systemische Praxis am Bodensee in Bodman-Ludwigshafen.\" \/>\n<meta property=\"og:url\" content=\"https:\/\/www.praxissegelsetzen.de\/es\/paartherapie-paarberatung-systemische-therapie-therapie-bodensee-stockach-ueberlingen-radolfzell-konstanz-bodman-ludwigshafen-beratung\/\" \/>\n<meta property=\"og:site_name\" content=\"Praxis Segel setzen\" \/>\n<meta property=\"article:modified_time\" content=\"2026-03-10T20:01:58+00:00\" \/>\n<meta property=\"og:image\" content=\"https:\/\/www.praxissegelsetzen.de\/wp-content\/uploads\/2021\/01\/Klo\u0308tzchen3-scaled.jpg\" \/>\n\t<meta property=\"og:image:width\" content=\"2560\" \/>\n\t<meta property=\"og:image:height\" content=\"1247\" \/>\n\t<meta property=\"og:image:type\" content=\"image\/jpeg\" \/>\n<meta name=\"twitter:card\" content=\"summary_large_image\" \/>\n<meta name=\"twitter:label1\" content=\"Tiempo de lectura\" \/>\n\t<meta name=\"twitter:data1\" content=\"2 minutos\" \/>\n<script type=\"application\/ld+json\" class=\"yoast-schema-graph\">{\"@context\":\"https:\/\/schema.org\",\"@graph\":[{\"@type\":\"WebPage\",\"@id\":\"https:\/\/www.praxissegelsetzen.de\/paartherapie-paarberatung-systemische-therapie-therapie-bodensee-stockach-ueberlingen-radolfzell-konstanz-bodman-ludwigshafen-beratung\",\"url\":\"https:\/\/www.praxissegelsetzen.de\/paartherapie-paarberatung-systemische-therapie-therapie-bodensee-stockach-ueberlingen-radolfzell-konstanz-bodman-ludwigshafen-beratung\",\"name\":\"Paartherapie - Praxis Segel setzen\",\"isPartOf\":{\"@id\":\"https:\/\/www.praxissegelsetzen.de\/#website\"},\"datePublished\":\"2020-12-21T09:29:16+00:00\",\"dateModified\":\"2026-03-10T20:01:58+00:00\",\"description\":\"Beratung und Therapie bei Konflikten in Partnerschaften. Systemische Praxis am Bodensee in Bodman-Ludwigshafen.\",\"breadcrumb\":{\"@id\":\"https:\/\/www.praxissegelsetzen.de\/paartherapie-paarberatung-systemische-therapie-therapie-bodensee-stockach-ueberlingen-radolfzell-konstanz-bodman-ludwigshafen-beratung#breadcrumb\"},\"inLanguage\":\"es\",\"potentialAction\":[{\"@type\":\"ReadAction\",\"target\":[\"https:\/\/www.praxissegelsetzen.de\/paartherapie-paarberatung-systemische-therapie-therapie-bodensee-stockach-ueberlingen-radolfzell-konstanz-bodman-ludwigshafen-beratung\"]}]},{\"@type\":\"BreadcrumbList\",\"@id\":\"https:\/\/www.praxissegelsetzen.de\/paartherapie-paarberatung-systemische-therapie-therapie-bodensee-stockach-ueberlingen-radolfzell-konstanz-bodman-ludwigshafen-beratung#breadcrumb\",\"itemListElement\":[{\"@type\":\"ListItem\",\"position\":1,\"name\":\"Startseite\",\"item\":\"https:\/\/www.praxissegelsetzen.de\/\"},{\"@type\":\"ListItem\",\"position\":2,\"name\":\"Paartherapie\"}]},{\"@type\":\"WebSite\",\"@id\":\"https:\/\/www.praxissegelsetzen.de\/#website\",\"url\":\"https:\/\/www.praxissegelsetzen.de\/\",\"name\":\"Praxis Segel setzen\",\"description\":\"Praxis f\u00fcr systemische Therapie und Beratung\",\"potentialAction\":[{\"@type\":\"SearchAction\",\"target\":{\"@type\":\"EntryPoint\",\"urlTemplate\":\"https:\/\/www.praxissegelsetzen.de\/?s={search_term_string}\"},\"query-input\":\"required name=search_term_string\"}],\"inLanguage\":\"es\"}]}<\/script>\n<!-- \/ Yoast SEO plugin. -->","yoast_head_json":{"title":"Paartherapie - Praxis Segel setzen","description":"Beratung und Therapie bei Konflikten in Partnerschaften. Systemische Praxis am Bodensee in Bodman-Ludwigshafen.","robots":{"index":"index","follow":"follow","max-snippet":"max-snippet:-1","max-image-preview":"max-image-preview:large","max-video-preview":"max-video-preview:-1"},"canonical":"https:\/\/www.praxissegelsetzen.de\/es\/paartherapie-paarberatung-systemische-therapie-therapie-bodensee-stockach-ueberlingen-radolfzell-konstanz-bodman-ludwigshafen-beratung\/","og_locale":"es_ES","og_type":"article","og_title":"Paartherapie - Praxis Segel setzen","og_description":"Beratung und Therapie bei Konflikten in Partnerschaften. Systemische Praxis am Bodensee in Bodman-Ludwigshafen.","og_url":"https:\/\/www.praxissegelsetzen.de\/es\/paartherapie-paarberatung-systemische-therapie-therapie-bodensee-stockach-ueberlingen-radolfzell-konstanz-bodman-ludwigshafen-beratung\/","og_site_name":"Praxis Segel setzen","article_modified_time":"2026-03-10T20:01:58+00:00","og_image":[{"width":2560,"height":1247,"url":"https:\/\/www.praxissegelsetzen.de\/wp-content\/uploads\/2021\/01\/Klo\u0308tzchen3-scaled.jpg","type":"image\/jpeg"}],"twitter_card":"summary_large_image","twitter_misc":{"Tiempo de lectura":"2 minutos"},"schema":{"@context":"https:\/\/schema.org","@graph":[{"@type":"WebPage","@id":"https:\/\/www.praxissegelsetzen.de\/paartherapie-paarberatung-systemische-therapie-therapie-bodensee-stockach-ueberlingen-radolfzell-konstanz-bodman-ludwigshafen-beratung","url":"https:\/\/www.praxissegelsetzen.de\/paartherapie-paarberatung-systemische-therapie-therapie-bodensee-stockach-ueberlingen-radolfzell-konstanz-bodman-ludwigshafen-beratung","name":"Paartherapie - Praxis Segel setzen","isPartOf":{"@id":"https:\/\/www.praxissegelsetzen.de\/#website"},"datePublished":"2020-12-21T09:29:16+00:00","dateModified":"2026-03-10T20:01:58+00:00","description":"Beratung und Therapie bei Konflikten in Partnerschaften. Systemische Praxis am Bodensee in Bodman-Ludwigshafen.","breadcrumb":{"@id":"https:\/\/www.praxissegelsetzen.de\/paartherapie-paarberatung-systemische-therapie-therapie-bodensee-stockach-ueberlingen-radolfzell-konstanz-bodman-ludwigshafen-beratung#breadcrumb"},"inLanguage":"es","potentialAction":[{"@type":"ReadAction","target":["https:\/\/www.praxissegelsetzen.de\/paartherapie-paarberatung-systemische-therapie-therapie-bodensee-stockach-ueberlingen-radolfzell-konstanz-bodman-ludwigshafen-beratung"]}]},{"@type":"BreadcrumbList","@id":"https:\/\/www.praxissegelsetzen.de\/paartherapie-paarberatung-systemische-therapie-therapie-bodensee-stockach-ueberlingen-radolfzell-konstanz-bodman-ludwigshafen-beratung#breadcrumb","itemListElement":[{"@type":"ListItem","position":1,"name":"Startseite","item":"https:\/\/www.praxissegelsetzen.de\/"},{"@type":"ListItem","position":2,"name":"Paartherapie"}]},{"@type":"WebSite","@id":"https:\/\/www.praxissegelsetzen.de\/#website","url":"https:\/\/www.praxissegelsetzen.de\/","name":"Praxis Segel setzen","description":"Praxis f\u00fcr systemische Therapie und Beratung","potentialAction":[{"@type":"SearchAction","target":{"@type":"EntryPoint","urlTemplate":"https:\/\/www.praxissegelsetzen.de\/?s={search_term_string}"},"query-input":"required name=search_term_string"}],"inLanguage":"es"}]}},"_links":{"self":[{"href":"https:\/\/www.praxissegelsetzen.de\/es\/wp-json\/wp\/v2\/pages\/144","targetHints":{"allow":["GET"]}}],"collection":[{"href":"https:\/\/www.praxissegelsetzen.de\/es\/wp-json\/wp\/v2\/pages"}],"about":[{"href":"https:\/\/www.praxissegelsetzen.de\/es\/wp-json\/wp\/v2\/types\/page"}],"author":[{"embeddable":true,"href":"https:\/\/www.praxissegelsetzen.de\/es\/wp-json\/wp\/v2\/users\/1"}],"replies":[{"embeddable":true,"href":"https:\/\/www.praxissegelsetzen.de\/es\/wp-json\/wp\/v2\/comments?post=144"}],"version-history":[{"count":12,"href":"https:\/\/www.praxissegelsetzen.de\/es\/wp-json\/wp\/v2\/pages\/144\/revisions"}],"predecessor-version":[{"id":710,"href":"https:\/\/www.praxissegelsetzen.de\/es\/wp-json\/wp\/v2\/pages\/144\/revisions\/710"}],"wp:featuredmedia":[{"embeddable":true,"href":"https:\/\/www.praxissegelsetzen.de\/es\/wp-json\/wp\/v2\/media\/318"}],"wp:attachment":[{"href":"https:\/\/www.praxissegelsetzen.de\/es\/wp-json\/wp\/v2\/media?parent=144"}],"curies":[{"name":"wp","href":"https:\/\/api.w.org\/{rel}","templated":true}]}}