{"id":147,"date":"2020-12-21T09:30:08","date_gmt":"2020-12-21T09:30:08","guid":{"rendered":"https:\/\/www.praxissegelsetzen.de\/?page_id=147"},"modified":"2026-03-10T20:04:42","modified_gmt":"2026-03-10T20:04:42","slug":"familientherapie-systemische-therapie-therapie-bodensee-stockach-ueberlingen-radolfzell-konstanz-bodman-ludwigshafen-beratung","status":"publish","type":"page","link":"https:\/\/www.praxissegelsetzen.de\/es\/familientherapie-systemische-therapie-therapie-bodensee-stockach-ueberlingen-radolfzell-konstanz-bodman-ludwigshafen-beratung","title":{"rendered":"Terapia de familia"},"content":{"rendered":"<p><strong>Familientherapie &#8211; damit aus Konflikten wieder Verbindung entstehen kann\u00a0<\/strong><\/p>\n<p>Ihr Familiengl\u00fcck ist durch wiederkehrende, innerfamili\u00e4re Konflikte belastet und Sie sehnen sich nach mehr Harmonie?<span class=\"Apple-converted-space\">\u00a0<\/span><\/p>\n<p>Systemische Familientherapie hei\u00dft, dass die Familie als Ganzes und sich gegenseitig bedingtes System wahrgenommen wird. Auff\u00e4lligkeiten, zum Beispiel der Kinder oder Krankheiten k\u00f6nnen als ein nach au\u00dfen getragenes Anzeichen f\u00fcr negative innerfamili\u00e4re Muster stehen.<span class=\"Apple-converted-space\">\u00a0<\/span><\/p>\n<p>M\u00f6gliche Anl\u00e4sse f\u00fcr eine Familientherapie:<\/p>\n<ul>\n<li><b>Auff\u00e4lligkeiten der Kinder \/ Eltern: <\/b>Sie bemerken Verhaltensver\u00e4nderungen an Ihrem Kind \/ Jugendlichen und wissen nicht, wie Sie damit umgehen k\u00f6nnen? Ihr \/ Ihre Partner:in klagt \u00fcber diffuse gesundheitliche Beschwerden?<span class=\"Apple-converted-space\">\u00a0<\/span><\/li>\n<li><b>Kommunikationsschwierigkeiten:<\/b> Sie sprechen sich nicht untereinander ab? Gespr\u00e4che enden h\u00e4ufig im Streit? Beleidigungen oder Schimpfw\u00f6rter geh\u00f6ren in Ihrer Familie zum Alltagsprachgebrauch und Sie w\u00fcnschen sich ein harmonischeres Miteinander?<span class=\"Apple-converted-space\">\u00a0 \u00a0<\/span><\/li>\n<li><b>Erziehungsfragen:<\/b> Sie f\u00fchlen sich zeitweise \u00fcberfordert mit der Erziehung Ihrer Kinder? Sie w\u00fcnschen sich Unterst\u00fctzung in der Findung altersangemessener Regeln? Es f\u00e4llt Ihnen schwer Grenzen zu setzen und diese konsequent durchzuziehen?<\/li>\n<li><b>Unterschiedliche Erziehungsstile der Eltern:<\/b> Sie sind sich als Eltern uneinig \u00fcber die Erziehung Ihrer Kinder und finden keinen gemeinsamen Weg? <span class=\"Apple-converted-space\">\u00a0<\/span><\/li>\n<li><b>St\u00e4rkung des famili\u00e4ren Zusammenhalts:<\/b> Sie haben das Gef\u00fchl, dass jedes Familienmitglied sein eigenes Leben lebt und w\u00fcnschen sich als Familie wieder n\u00e4her zusammenzur\u00fccken? Sie m\u00f6chten lernen, als Familie gemeinsame Entscheidungen zu treffen, mit denen alle zufrieden sind? <span class=\"Apple-converted-space\">\u00a0<\/span><\/li>\n<\/ul>","protected":false},"excerpt":{"rendered":"<p>Familientherapie &#8211; damit aus Konflikten wieder Verbindung entstehen kann\u00a0 Ihr Familiengl\u00fcck ist durch wiederkehrende, innerfamili\u00e4re Konflikte belastet und Sie sehnen sich nach mehr Harmonie?\u00a0 Systemische Familientherapie hei\u00dft, dass die Familie als Ganzes und sich gegenseitig bedingtes System wahrgenommen wird. Auff\u00e4lligkeiten, zum Beispiel der Kinder oder Krankheiten k\u00f6nnen als ein nach au\u00dfen getragenes Anzeichen f\u00fcr negative innerfamili\u00e4re Muster stehen.\u00a0 M\u00f6gliche Anl\u00e4sse f\u00fcr eine Familientherapie: Auff\u00e4lligkeiten der Kinder \/ Eltern: Sie bemerken Verhaltensver\u00e4nderungen an Ihrem Kind \/ Jugendlichen und wissen nicht, wie Sie damit umgehen k\u00f6nnen? Ihr \/ Ihre Partner:in klagt \u00fcber diffuse gesundheitliche Beschwerden?\u00a0 Kommunikationsschwierigkeiten: Sie sprechen sich nicht untereinander ab?&#8230; <\/p>","protected":false},"author":1,"featured_media":318,"parent":0,"menu_order":0,"comment_status":"closed","ping_status":"closed","template":"page-templates\/template-full-width.php","meta":{"footnotes":""},"class_list":["post-147","page","type-page","status-publish","has-post-thumbnail","hentry"],"yoast_head":"<!-- This site is optimized with the Yoast SEO plugin v19.9 - https:\/\/yoast.com\/wordpress\/plugins\/seo\/ -->\n<title>Familientherapie - Praxis Segel setzen<\/title>\n<meta name=\"description\" content=\"Beratung und Therapie bei wiederkehrenden, innerfamili\u00e4ren Konflikten. Systemische Praxis am Bodensee in Bodman-Ludwigshafen.\" \/>\n<meta name=\"robots\" content=\"index, follow, max-snippet:-1, max-image-preview:large, max-video-preview:-1\" \/>\n<link rel=\"canonical\" href=\"https:\/\/www.praxissegelsetzen.de\/es\/familientherapie-systemische-therapie-therapie-bodensee-stockach-ueberlingen-radolfzell-konstanz-bodman-ludwigshafen-beratung\/\" \/>\n<meta property=\"og:locale\" content=\"es_ES\" \/>\n<meta property=\"og:type\" content=\"article\" \/>\n<meta property=\"og:title\" content=\"Familientherapie - Praxis Segel setzen\" \/>\n<meta property=\"og:description\" content=\"Beratung und Therapie bei wiederkehrenden, innerfamili\u00e4ren Konflikten. Systemische Praxis am Bodensee in Bodman-Ludwigshafen.\" \/>\n<meta property=\"og:url\" content=\"https:\/\/www.praxissegelsetzen.de\/es\/familientherapie-systemische-therapie-therapie-bodensee-stockach-ueberlingen-radolfzell-konstanz-bodman-ludwigshafen-beratung\/\" \/>\n<meta property=\"og:site_name\" content=\"Praxis Segel setzen\" \/>\n<meta property=\"article:modified_time\" content=\"2026-03-10T20:04:42+00:00\" \/>\n<meta property=\"og:image\" content=\"https:\/\/www.praxissegelsetzen.de\/wp-content\/uploads\/2021\/01\/Klo\u0308tzchen3-scaled.jpg\" \/>\n\t<meta property=\"og:image:width\" content=\"2560\" \/>\n\t<meta property=\"og:image:height\" content=\"1247\" \/>\n\t<meta property=\"og:image:type\" content=\"image\/jpeg\" \/>\n<meta name=\"twitter:card\" content=\"summary_large_image\" \/>\n<meta name=\"twitter:label1\" content=\"Tiempo de lectura\" \/>\n\t<meta name=\"twitter:data1\" content=\"1 minuto\" \/>\n<script type=\"application\/ld+json\" class=\"yoast-schema-graph\">{\"@context\":\"https:\/\/schema.org\",\"@graph\":[{\"@type\":\"WebPage\",\"@id\":\"https:\/\/www.praxissegelsetzen.de\/familientherapie-systemische-therapie-therapie-bodensee-stockach-ueberlingen-radolfzell-konstanz-bodman-ludwigshafen-beratung\",\"url\":\"https:\/\/www.praxissegelsetzen.de\/familientherapie-systemische-therapie-therapie-bodensee-stockach-ueberlingen-radolfzell-konstanz-bodman-ludwigshafen-beratung\",\"name\":\"Familientherapie - Praxis Segel setzen\",\"isPartOf\":{\"@id\":\"https:\/\/www.praxissegelsetzen.de\/#website\"},\"datePublished\":\"2020-12-21T09:30:08+00:00\",\"dateModified\":\"2026-03-10T20:04:42+00:00\",\"description\":\"Beratung und Therapie bei wiederkehrenden, innerfamili\u00e4ren Konflikten. Systemische Praxis am Bodensee in Bodman-Ludwigshafen.\",\"breadcrumb\":{\"@id\":\"https:\/\/www.praxissegelsetzen.de\/familientherapie-systemische-therapie-therapie-bodensee-stockach-ueberlingen-radolfzell-konstanz-bodman-ludwigshafen-beratung#breadcrumb\"},\"inLanguage\":\"es\",\"potentialAction\":[{\"@type\":\"ReadAction\",\"target\":[\"https:\/\/www.praxissegelsetzen.de\/familientherapie-systemische-therapie-therapie-bodensee-stockach-ueberlingen-radolfzell-konstanz-bodman-ludwigshafen-beratung\"]}]},{\"@type\":\"BreadcrumbList\",\"@id\":\"https:\/\/www.praxissegelsetzen.de\/familientherapie-systemische-therapie-therapie-bodensee-stockach-ueberlingen-radolfzell-konstanz-bodman-ludwigshafen-beratung#breadcrumb\",\"itemListElement\":[{\"@type\":\"ListItem\",\"position\":1,\"name\":\"Startseite\",\"item\":\"https:\/\/www.praxissegelsetzen.de\/\"},{\"@type\":\"ListItem\",\"position\":2,\"name\":\"Familientherapie\"}]},{\"@type\":\"WebSite\",\"@id\":\"https:\/\/www.praxissegelsetzen.de\/#website\",\"url\":\"https:\/\/www.praxissegelsetzen.de\/\",\"name\":\"Praxis Segel setzen\",\"description\":\"Praxis f\u00fcr systemische Therapie und Beratung\",\"potentialAction\":[{\"@type\":\"SearchAction\",\"target\":{\"@type\":\"EntryPoint\",\"urlTemplate\":\"https:\/\/www.praxissegelsetzen.de\/?s={search_term_string}\"},\"query-input\":\"required name=search_term_string\"}],\"inLanguage\":\"es\"}]}<\/script>\n<!-- \/ Yoast SEO plugin. -->","yoast_head_json":{"title":"Familientherapie - Praxis Segel setzen","description":"Beratung und Therapie bei wiederkehrenden, innerfamili\u00e4ren Konflikten. Systemische Praxis am Bodensee in Bodman-Ludwigshafen.","robots":{"index":"index","follow":"follow","max-snippet":"max-snippet:-1","max-image-preview":"max-image-preview:large","max-video-preview":"max-video-preview:-1"},"canonical":"https:\/\/www.praxissegelsetzen.de\/es\/familientherapie-systemische-therapie-therapie-bodensee-stockach-ueberlingen-radolfzell-konstanz-bodman-ludwigshafen-beratung\/","og_locale":"es_ES","og_type":"article","og_title":"Familientherapie - Praxis Segel setzen","og_description":"Beratung und Therapie bei wiederkehrenden, innerfamili\u00e4ren Konflikten. Systemische Praxis am Bodensee in Bodman-Ludwigshafen.","og_url":"https:\/\/www.praxissegelsetzen.de\/es\/familientherapie-systemische-therapie-therapie-bodensee-stockach-ueberlingen-radolfzell-konstanz-bodman-ludwigshafen-beratung\/","og_site_name":"Praxis Segel setzen","article_modified_time":"2026-03-10T20:04:42+00:00","og_image":[{"width":2560,"height":1247,"url":"https:\/\/www.praxissegelsetzen.de\/wp-content\/uploads\/2021\/01\/Klo\u0308tzchen3-scaled.jpg","type":"image\/jpeg"}],"twitter_card":"summary_large_image","twitter_misc":{"Tiempo de lectura":"1 minuto"},"schema":{"@context":"https:\/\/schema.org","@graph":[{"@type":"WebPage","@id":"https:\/\/www.praxissegelsetzen.de\/familientherapie-systemische-therapie-therapie-bodensee-stockach-ueberlingen-radolfzell-konstanz-bodman-ludwigshafen-beratung","url":"https:\/\/www.praxissegelsetzen.de\/familientherapie-systemische-therapie-therapie-bodensee-stockach-ueberlingen-radolfzell-konstanz-bodman-ludwigshafen-beratung","name":"Familientherapie - Praxis Segel setzen","isPartOf":{"@id":"https:\/\/www.praxissegelsetzen.de\/#website"},"datePublished":"2020-12-21T09:30:08+00:00","dateModified":"2026-03-10T20:04:42+00:00","description":"Beratung und Therapie bei wiederkehrenden, innerfamili\u00e4ren Konflikten. Systemische Praxis am Bodensee in Bodman-Ludwigshafen.","breadcrumb":{"@id":"https:\/\/www.praxissegelsetzen.de\/familientherapie-systemische-therapie-therapie-bodensee-stockach-ueberlingen-radolfzell-konstanz-bodman-ludwigshafen-beratung#breadcrumb"},"inLanguage":"es","potentialAction":[{"@type":"ReadAction","target":["https:\/\/www.praxissegelsetzen.de\/familientherapie-systemische-therapie-therapie-bodensee-stockach-ueberlingen-radolfzell-konstanz-bodman-ludwigshafen-beratung"]}]},{"@type":"BreadcrumbList","@id":"https:\/\/www.praxissegelsetzen.de\/familientherapie-systemische-therapie-therapie-bodensee-stockach-ueberlingen-radolfzell-konstanz-bodman-ludwigshafen-beratung#breadcrumb","itemListElement":[{"@type":"ListItem","position":1,"name":"Startseite","item":"https:\/\/www.praxissegelsetzen.de\/"},{"@type":"ListItem","position":2,"name":"Familientherapie"}]},{"@type":"WebSite","@id":"https:\/\/www.praxissegelsetzen.de\/#website","url":"https:\/\/www.praxissegelsetzen.de\/","name":"Praxis Segel setzen","description":"Praxis f\u00fcr systemische Therapie und Beratung","potentialAction":[{"@type":"SearchAction","target":{"@type":"EntryPoint","urlTemplate":"https:\/\/www.praxissegelsetzen.de\/?s={search_term_string}"},"query-input":"required name=search_term_string"}],"inLanguage":"es"}]}},"_links":{"self":[{"href":"https:\/\/www.praxissegelsetzen.de\/es\/wp-json\/wp\/v2\/pages\/147","targetHints":{"allow":["GET"]}}],"collection":[{"href":"https:\/\/www.praxissegelsetzen.de\/es\/wp-json\/wp\/v2\/pages"}],"about":[{"href":"https:\/\/www.praxissegelsetzen.de\/es\/wp-json\/wp\/v2\/types\/page"}],"author":[{"embeddable":true,"href":"https:\/\/www.praxissegelsetzen.de\/es\/wp-json\/wp\/v2\/users\/1"}],"replies":[{"embeddable":true,"href":"https:\/\/www.praxissegelsetzen.de\/es\/wp-json\/wp\/v2\/comments?post=147"}],"version-history":[{"count":8,"href":"https:\/\/www.praxissegelsetzen.de\/es\/wp-json\/wp\/v2\/pages\/147\/revisions"}],"predecessor-version":[{"id":713,"href":"https:\/\/www.praxissegelsetzen.de\/es\/wp-json\/wp\/v2\/pages\/147\/revisions\/713"}],"wp:featuredmedia":[{"embeddable":true,"href":"https:\/\/www.praxissegelsetzen.de\/es\/wp-json\/wp\/v2\/media\/318"}],"wp:attachment":[{"href":"https:\/\/www.praxissegelsetzen.de\/es\/wp-json\/wp\/v2\/media?parent=147"}],"curies":[{"name":"wp","href":"https:\/\/api.w.org\/{rel}","templated":true}]}}