{"id":151,"date":"2021-01-04T13:27:34","date_gmt":"2021-01-04T13:27:34","guid":{"rendered":"https:\/\/www.praxissegelsetzen.de\/?page_id=151"},"modified":"2026-03-10T20:06:11","modified_gmt":"2026-03-10T20:06:11","slug":"co-therapeutenteam","status":"publish","type":"page","link":"https:\/\/www.praxissegelsetzen.de\/es\/co-therapeutenteam","title":{"rendered":"Co-Therapeutinnenteam"},"content":{"rendered":"<table width=\"100%\">\n<tbody>\n<tr>\n<td valign=\"top\" width=\"75%\"><strong>Co-Therapeutinnenteam:<\/strong><\/p>\n<p>&nbsp;<\/p>\n<p>In unserer Praxis \u201eSegel setzen\u201c bieten wir bei Bedarf die M\u00f6glichkeit im Co-Therapeutinnenteam zu arbeiten an. Falls Sie Interesse hierzu haben, besprechen wir die Details gerne mit Ihnen im Erstgespr\u00e4ch.<\/p>\n<p>Durch unsere aktuelle berufliche Zusammenarbeit in der Kinder- und Jugendhilfe nutzen wir dieses Instrument bereits t\u00e4glich in unserer Arbeit. Dies kann zu Beginn erst einmal befremdlich wirken oder eine gewisse Skepsis hervorrufen, jedoch erm\u00f6glicht es zahlreiche Vorteile in der Arbeit &#8211; sowohl f\u00fcr den \/ die Klienten:in als auch f\u00fcr uns als Therapeutinnen selbst. Diese Vorgehensweise und Arbeitshaltung gr\u00fcndet sich in den Anf\u00e4ngen der Systemischen (Familien-)Therapie und z\u00e4hlt zu den grundlegendsten Methoden.<\/p>\n<p>Folgende Mehrwerte sind durch ein Co-Therapeuten:innenteam gegeben:<\/p>\n<ul>\n<li>4 Augen und Ohren sehen und h\u00f6ren mehr<\/li>\n<li>Mehrperspektivit\u00e4t und Methodenvielfalt<\/li>\n<li>Co<\/li>\n<li>Balance von aktiver Teilnahme am System und Beobachtung des Prozesses<\/li>\n<li>M\u00f6glichkeit, sich in der Arbeit mit Familien in Gespr\u00e4chen aufzuteilen<\/li>\n<li>Reflecting-Team als eines der wichtigsten Methoden<\/li>\n<li>Vorgehensweise und Verantwortungen sind auf mehreren Schultern verteilt<\/li>\n<li>Zu zweit kann der \u201eSogwirkung\u201c in Familien entsprochen werden und fachliche und notwendige Distanz erhalten bleiben<\/li>\n<li>M\u00f6glichkeit der kontinuierlichen kollegialen Beratung<\/li>\n<\/ul>\n<\/td>\n<td valign=\"top\">&nbsp;<\/p>\n<p>&nbsp;<\/p>\n<p>&nbsp;<\/p>\n<p>&nbsp;<\/p>\n<p>&nbsp;<\/p>\n<p>&nbsp;<\/p>\n<p>&nbsp;<\/p>\n<p><img loading=\"lazy\" decoding=\"async\" class=\"alignright\" src=\"https:\/\/www.praxissegelsetzen.de\/wp-content\/uploads\/2021\/10\/485A8087neuklein.jpg\" width=\"212\" height=\"147\" \/><\/td>\n<\/tr>\n<\/tbody>\n<\/table>\n<p>&nbsp;<\/p>","protected":false},"excerpt":{"rendered":"<p>Co-Therapeutinnenteam: &nbsp; In unserer Praxis \u201eSegel setzen\u201c bieten wir bei Bedarf die M\u00f6glichkeit im Co-Therapeutinnenteam zu arbeiten an. Falls Sie Interesse hierzu haben, besprechen wir die Details gerne mit Ihnen im Erstgespr\u00e4ch. Durch unsere aktuelle berufliche Zusammenarbeit in der Kinder- und Jugendhilfe nutzen wir dieses Instrument bereits t\u00e4glich in unserer Arbeit. Dies kann zu Beginn erst einmal befremdlich wirken oder eine gewisse Skepsis hervorrufen, jedoch erm\u00f6glicht es zahlreiche Vorteile in der Arbeit &#8211; sowohl f\u00fcr den \/ die Klienten:in als auch f\u00fcr uns als Therapeutinnen selbst. Diese Vorgehensweise und Arbeitshaltung gr\u00fcndet sich in den Anf\u00e4ngen der Systemischen (Familien-)Therapie und z\u00e4hlt&#8230; <\/p>","protected":false},"author":1,"featured_media":400,"parent":0,"menu_order":0,"comment_status":"closed","ping_status":"closed","template":"page-templates\/template-full-width.php","meta":{"footnotes":""},"class_list":["post-151","page","type-page","status-publish","has-post-thumbnail","hentry"],"yoast_head":"<!-- This site is optimized with the Yoast SEO plugin v19.9 - https:\/\/yoast.com\/wordpress\/plugins\/seo\/ -->\n<title>Co-Therapeutinnenteam - Praxis Segel setzen<\/title>\n<meta name=\"robots\" content=\"index, follow, max-snippet:-1, max-image-preview:large, max-video-preview:-1\" \/>\n<link rel=\"canonical\" href=\"https:\/\/www.praxissegelsetzen.de\/es\/co-therapeutenteam\/\" \/>\n<meta property=\"og:locale\" content=\"es_ES\" \/>\n<meta property=\"og:type\" content=\"article\" \/>\n<meta property=\"og:title\" content=\"Co-Therapeutinnenteam - Praxis Segel setzen\" \/>\n<meta property=\"og:description\" content=\"Co-Therapeutinnenteam: &nbsp; In unserer Praxis \u201eSegel setzen\u201c bieten wir bei Bedarf die M\u00f6glichkeit im Co-Therapeutinnenteam zu arbeiten an. Falls Sie Interesse hierzu haben, besprechen wir die Details gerne mit Ihnen im Erstgespr\u00e4ch. Durch unsere aktuelle berufliche Zusammenarbeit in der Kinder- und Jugendhilfe nutzen wir dieses Instrument bereits t\u00e4glich in unserer Arbeit. Dies kann zu Beginn erst einmal befremdlich wirken oder eine gewisse Skepsis hervorrufen, jedoch erm\u00f6glicht es zahlreiche Vorteile in der Arbeit &#8211; sowohl f\u00fcr den \/ die Klienten:in als auch f\u00fcr uns als Therapeutinnen selbst. Diese Vorgehensweise und Arbeitshaltung gr\u00fcndet sich in den Anf\u00e4ngen der Systemischen (Familien-)Therapie und z\u00e4hlt...\" \/>\n<meta property=\"og:url\" content=\"https:\/\/www.praxissegelsetzen.de\/es\/co-therapeutenteam\/\" \/>\n<meta property=\"og:site_name\" content=\"Praxis Segel setzen\" \/>\n<meta property=\"article:modified_time\" content=\"2026-03-10T20:06:11+00:00\" \/>\n<meta property=\"og:image\" content=\"https:\/\/www.praxissegelsetzen.de\/wp-content\/uploads\/2021\/01\/co4-scaled.jpg\" \/>\n\t<meta property=\"og:image:width\" content=\"2560\" \/>\n\t<meta property=\"og:image:height\" content=\"625\" \/>\n\t<meta property=\"og:image:type\" content=\"image\/jpeg\" \/>\n<meta name=\"twitter:card\" content=\"summary_large_image\" \/>\n<meta name=\"twitter:label1\" content=\"Tiempo de lectura\" \/>\n\t<meta name=\"twitter:data1\" content=\"1 minuto\" \/>\n<script type=\"application\/ld+json\" class=\"yoast-schema-graph\">{\"@context\":\"https:\/\/schema.org\",\"@graph\":[{\"@type\":\"WebPage\",\"@id\":\"https:\/\/www.praxissegelsetzen.de\/co-therapeutenteam\",\"url\":\"https:\/\/www.praxissegelsetzen.de\/co-therapeutenteam\",\"name\":\"Co-Therapeutinnenteam - Praxis Segel setzen\",\"isPartOf\":{\"@id\":\"https:\/\/www.praxissegelsetzen.de\/#website\"},\"datePublished\":\"2021-01-04T13:27:34+00:00\",\"dateModified\":\"2026-03-10T20:06:11+00:00\",\"breadcrumb\":{\"@id\":\"https:\/\/www.praxissegelsetzen.de\/co-therapeutenteam#breadcrumb\"},\"inLanguage\":\"es\",\"potentialAction\":[{\"@type\":\"ReadAction\",\"target\":[\"https:\/\/www.praxissegelsetzen.de\/co-therapeutenteam\"]}]},{\"@type\":\"BreadcrumbList\",\"@id\":\"https:\/\/www.praxissegelsetzen.de\/co-therapeutenteam#breadcrumb\",\"itemListElement\":[{\"@type\":\"ListItem\",\"position\":1,\"name\":\"Startseite\",\"item\":\"https:\/\/www.praxissegelsetzen.de\/\"},{\"@type\":\"ListItem\",\"position\":2,\"name\":\"Co-Therapeutinnenteam\"}]},{\"@type\":\"WebSite\",\"@id\":\"https:\/\/www.praxissegelsetzen.de\/#website\",\"url\":\"https:\/\/www.praxissegelsetzen.de\/\",\"name\":\"Praxis Segel setzen\",\"description\":\"Praxis f\u00fcr systemische Therapie und Beratung\",\"potentialAction\":[{\"@type\":\"SearchAction\",\"target\":{\"@type\":\"EntryPoint\",\"urlTemplate\":\"https:\/\/www.praxissegelsetzen.de\/?s={search_term_string}\"},\"query-input\":\"required name=search_term_string\"}],\"inLanguage\":\"es\"}]}<\/script>\n<!-- \/ Yoast SEO plugin. -->","yoast_head_json":{"title":"Co-Therapeutinnenteam - Praxis Segel setzen","robots":{"index":"index","follow":"follow","max-snippet":"max-snippet:-1","max-image-preview":"max-image-preview:large","max-video-preview":"max-video-preview:-1"},"canonical":"https:\/\/www.praxissegelsetzen.de\/es\/co-therapeutenteam\/","og_locale":"es_ES","og_type":"article","og_title":"Co-Therapeutinnenteam - Praxis Segel setzen","og_description":"Co-Therapeutinnenteam: &nbsp; In unserer Praxis \u201eSegel setzen\u201c bieten wir bei Bedarf die M\u00f6glichkeit im Co-Therapeutinnenteam zu arbeiten an. Falls Sie Interesse hierzu haben, besprechen wir die Details gerne mit Ihnen im Erstgespr\u00e4ch. Durch unsere aktuelle berufliche Zusammenarbeit in der Kinder- und Jugendhilfe nutzen wir dieses Instrument bereits t\u00e4glich in unserer Arbeit. Dies kann zu Beginn erst einmal befremdlich wirken oder eine gewisse Skepsis hervorrufen, jedoch erm\u00f6glicht es zahlreiche Vorteile in der Arbeit &#8211; sowohl f\u00fcr den \/ die Klienten:in als auch f\u00fcr uns als Therapeutinnen selbst. Diese Vorgehensweise und Arbeitshaltung gr\u00fcndet sich in den Anf\u00e4ngen der Systemischen (Familien-)Therapie und z\u00e4hlt...","og_url":"https:\/\/www.praxissegelsetzen.de\/es\/co-therapeutenteam\/","og_site_name":"Praxis Segel setzen","article_modified_time":"2026-03-10T20:06:11+00:00","og_image":[{"width":2560,"height":625,"url":"https:\/\/www.praxissegelsetzen.de\/wp-content\/uploads\/2021\/01\/co4-scaled.jpg","type":"image\/jpeg"}],"twitter_card":"summary_large_image","twitter_misc":{"Tiempo de lectura":"1 minuto"},"schema":{"@context":"https:\/\/schema.org","@graph":[{"@type":"WebPage","@id":"https:\/\/www.praxissegelsetzen.de\/co-therapeutenteam","url":"https:\/\/www.praxissegelsetzen.de\/co-therapeutenteam","name":"Co-Therapeutinnenteam - Praxis Segel setzen","isPartOf":{"@id":"https:\/\/www.praxissegelsetzen.de\/#website"},"datePublished":"2021-01-04T13:27:34+00:00","dateModified":"2026-03-10T20:06:11+00:00","breadcrumb":{"@id":"https:\/\/www.praxissegelsetzen.de\/co-therapeutenteam#breadcrumb"},"inLanguage":"es","potentialAction":[{"@type":"ReadAction","target":["https:\/\/www.praxissegelsetzen.de\/co-therapeutenteam"]}]},{"@type":"BreadcrumbList","@id":"https:\/\/www.praxissegelsetzen.de\/co-therapeutenteam#breadcrumb","itemListElement":[{"@type":"ListItem","position":1,"name":"Startseite","item":"https:\/\/www.praxissegelsetzen.de\/"},{"@type":"ListItem","position":2,"name":"Co-Therapeutinnenteam"}]},{"@type":"WebSite","@id":"https:\/\/www.praxissegelsetzen.de\/#website","url":"https:\/\/www.praxissegelsetzen.de\/","name":"Praxis Segel setzen","description":"Praxis f\u00fcr systemische Therapie und Beratung","potentialAction":[{"@type":"SearchAction","target":{"@type":"EntryPoint","urlTemplate":"https:\/\/www.praxissegelsetzen.de\/?s={search_term_string}"},"query-input":"required name=search_term_string"}],"inLanguage":"es"}]}},"_links":{"self":[{"href":"https:\/\/www.praxissegelsetzen.de\/es\/wp-json\/wp\/v2\/pages\/151","targetHints":{"allow":["GET"]}}],"collection":[{"href":"https:\/\/www.praxissegelsetzen.de\/es\/wp-json\/wp\/v2\/pages"}],"about":[{"href":"https:\/\/www.praxissegelsetzen.de\/es\/wp-json\/wp\/v2\/types\/page"}],"author":[{"embeddable":true,"href":"https:\/\/www.praxissegelsetzen.de\/es\/wp-json\/wp\/v2\/users\/1"}],"replies":[{"embeddable":true,"href":"https:\/\/www.praxissegelsetzen.de\/es\/wp-json\/wp\/v2\/comments?post=151"}],"version-history":[{"count":30,"href":"https:\/\/www.praxissegelsetzen.de\/es\/wp-json\/wp\/v2\/pages\/151\/revisions"}],"predecessor-version":[{"id":715,"href":"https:\/\/www.praxissegelsetzen.de\/es\/wp-json\/wp\/v2\/pages\/151\/revisions\/715"}],"wp:featuredmedia":[{"embeddable":true,"href":"https:\/\/www.praxissegelsetzen.de\/es\/wp-json\/wp\/v2\/media\/400"}],"wp:attachment":[{"href":"https:\/\/www.praxissegelsetzen.de\/es\/wp-json\/wp\/v2\/media?parent=151"}],"curies":[{"name":"wp","href":"https:\/\/api.w.org\/{rel}","templated":true}]}}