{"id":154,"date":"2021-01-04T13:36:36","date_gmt":"2021-01-04T13:36:36","guid":{"rendered":"https:\/\/www.praxissegelsetzen.de\/?page_id=154"},"modified":"2025-03-12T10:51:28","modified_gmt":"2025-03-12T10:51:28","slug":"kosten","status":"publish","type":"page","link":"https:\/\/www.praxissegelsetzen.de\/es\/kosten","title":{"rendered":"Costos"},"content":{"rendered":"<p><strong>Condiciones marco y costos<\/strong><\/p>\n<p>\"La terapia sist\u00e9mica es un procedimiento de psicoterapia generalizado en todo el mundo que, seg\u00fan la Ley de psicoterapeutas, tambi\u00e9n es un procedimiento de psicoterapia cient\u00edficamente reconocido para el tratamiento de ni\u00f1os, adolescentes y adultos en Alemania\" <span style=\"color: #0000ff;\"><a style=\"color: #0000ff;\" href=\"https:\/\/www.dgsf.org\/\" target=\"_blank\" rel=\"noopener\">DGSF<\/a> <\/span>y <span style=\"color: #0000ff;\"><a style=\"color: #0000ff;\" href=\"https:\/\/systemische-gesellschaft.de\/\" target=\"_blank\" rel=\"noopener\">SG<\/a><\/span>).<\/p>\n<p>En este momento, no es posible para nosotros utilizar el cat\u00e1logo de servicios prestados por los fondos del seguro m\u00e9dico legal, por lo que debe asumir los costos usted mismo.<\/p>\n<p>Den Erstkontakt sowie die Beratung mit Paaren und Familien f\u00fchren wir im Co-Team durch. Die Beratung\/Therapie f\u00fcr Einzelpersonen kann sowohl im Co-Team als auch mit einer Beraterin erfolgen. Die Kosten gliedern sich wie folgt:<\/p>\n<h6>Stand: 12.03.2025<\/h6>\n<ul>\n<li>Erstkontakt: 90 \u20ac \u00e1 60 Minuten (Kennenlernen und Auftragskl\u00e4rung) &#8211; im Co-Team<\/li>\n<li>Einzelberatung-\/ therapie: 90 \u20ac \u00e1 60 Minuten \u2013 120 \u20ac \u00e1 90 Minuten &#8211; Einzelkontakt<\/li>\n<li>Einzelberatung-\/therapie: 110 \u20ac \u00e1 60 Minuten &#8211; 140 \u20ac \u00e1 90 Minuten &#8211; im Co-Team<\/li>\n<li>Paare und Familien: 150 \u20ac \u00e1 90 Minuten &#8211; im Co-Team<\/li>\n<\/ul>\n<p>Si hay un deseo de m\u00e1s citas despu\u00e9s de la reuni\u00f3n inicial, el intervalo y el n\u00famero de reuniones se discutir\u00e1n y ajustar\u00e1n individualmente.<\/p>\n<p>Die Terminvereinbarung erfolgt telefonisch oder per Mail. Wenn Sie uns nicht erreichen, hinterlassen Sie uns eine Nachricht und wir melden uns bei Ihnen.<\/p>\n<p><strong>Ventajas para los que pagan por cuenta propia:<\/strong><\/p>\n<ul>\n<li>Inicio de la terapia r\u00e1pido y sin complicaciones<\/li>\n<li>No hay requisitos legales sobre la duraci\u00f3n y el enfoque de la terapia.<\/li>\n<li>Su inquietud sigue siendo privada y ninguna instituci\u00f3n (p\u00fablica \/ oficial) se enterar\u00e1<\/li>\n<\/ul>\n<p><strong>Cancelar una cita:<\/strong>Si no puede asistir a una cita acordada, puede cancelar su cita con al menos 24 horas de anticipaci\u00f3n, por tel\u00e9fono o correo electr\u00f3nico sin cargo. Luego calculamos la tarifa completa.<\/p>\n<p><strong>Solidarpl\u00e4tze:<\/strong> Bitte sprechen Sie uns auch an, wenn es aufgrund Ihrer finanziellen Situation zur Zeit schwierig sein sollte, Beratung \/ Therapie privat zu bezahlen. Wir finden eine L\u00f6sung!.<\/p>","protected":false},"excerpt":{"rendered":"<p>Rahmenbedingungen und Kosten: \u201eSystemische Therapie ist ein weltweit verbreitetes Psychotherapieverfahren, das gem\u00e4\u00df Psychotherapeutengesetz auch in Deutschland als wissenschaftlich anerkanntes Psychotherapieverfahren zur Behandlung von Kindern, Jugendlichen und Erwachsenen gilt\u201c (vgl. DGSF und SG). Zum jetzigen Zeitpunkt ist es uns nicht m\u00f6glich, \u00fcber den Leistungskatalog der gesetzlichen Krankenkassen abzurechnen, so dass die Kosten von Ihnen selbst getragen werden m\u00fcssen. Den Erstkontakt sowie die Beratung mit Paaren und Familien f\u00fchren wir im Co-Team durch. Die Beratung\/Therapie f\u00fcr Einzelpersonen kann sowohl im Co-Team als auch mit einer Beraterin erfolgen. Die Kosten gliedern sich wie folgt: Stand: 12.03.2025 Erstkontakt: 90 \u20ac \u00e1 60 Minuten (Kennenlernen&#8230; <\/p>","protected":false},"author":1,"featured_media":633,"parent":0,"menu_order":0,"comment_status":"closed","ping_status":"closed","template":"page-templates\/template-full-width.php","meta":{"footnotes":""},"class_list":["post-154","page","type-page","status-publish","has-post-thumbnail","hentry"],"yoast_head":"<!-- This site is optimized with the Yoast SEO plugin v19.9 - https:\/\/yoast.com\/wordpress\/plugins\/seo\/ -->\n<title>Kosten - Praxis Segel setzen<\/title>\n<meta name=\"robots\" content=\"index, follow, max-snippet:-1, max-image-preview:large, max-video-preview:-1\" \/>\n<link rel=\"canonical\" href=\"https:\/\/www.praxissegelsetzen.de\/es\/kosten\/\" \/>\n<meta property=\"og:locale\" content=\"es_ES\" \/>\n<meta property=\"og:type\" content=\"article\" \/>\n<meta property=\"og:title\" content=\"Kosten - Praxis Segel setzen\" \/>\n<meta property=\"og:description\" content=\"Rahmenbedingungen und Kosten: \u201eSystemische Therapie ist ein weltweit verbreitetes Psychotherapieverfahren, das gem\u00e4\u00df Psychotherapeutengesetz auch in Deutschland als wissenschaftlich anerkanntes Psychotherapieverfahren zur Behandlung von Kindern, Jugendlichen und Erwachsenen gilt\u201c (vgl. DGSF und SG). Zum jetzigen Zeitpunkt ist es uns nicht m\u00f6glich, \u00fcber den Leistungskatalog der gesetzlichen Krankenkassen abzurechnen, so dass die Kosten von Ihnen selbst getragen werden m\u00fcssen. Den Erstkontakt sowie die Beratung mit Paaren und Familien f\u00fchren wir im Co-Team durch. Die Beratung\/Therapie f\u00fcr Einzelpersonen kann sowohl im Co-Team als auch mit einer Beraterin erfolgen. Die Kosten gliedern sich wie folgt: Stand: 12.03.2025 Erstkontakt: 90 \u20ac \u00e1 60 Minuten (Kennenlernen...\" \/>\n<meta property=\"og:url\" content=\"https:\/\/www.praxissegelsetzen.de\/es\/kosten\/\" \/>\n<meta property=\"og:site_name\" content=\"Praxis Segel setzen\" \/>\n<meta property=\"article:modified_time\" content=\"2025-03-12T10:51:28+00:00\" \/>\n<meta property=\"og:image\" content=\"https:\/\/www.praxissegelsetzen.de\/wp-content\/uploads\/2021\/10\/485A8555neuklein.jpg\" \/>\n\t<meta property=\"og:image:width\" content=\"2000\" \/>\n\t<meta property=\"og:image:height\" content=\"1314\" \/>\n\t<meta property=\"og:image:type\" content=\"image\/jpeg\" \/>\n<meta name=\"twitter:card\" content=\"summary_large_image\" \/>\n<meta name=\"twitter:label1\" content=\"Tiempo de lectura\" \/>\n\t<meta name=\"twitter:data1\" content=\"1 minuto\" \/>\n<script type=\"application\/ld+json\" class=\"yoast-schema-graph\">{\"@context\":\"https:\/\/schema.org\",\"@graph\":[{\"@type\":\"WebPage\",\"@id\":\"https:\/\/www.praxissegelsetzen.de\/kosten\",\"url\":\"https:\/\/www.praxissegelsetzen.de\/kosten\",\"name\":\"Kosten - Praxis Segel setzen\",\"isPartOf\":{\"@id\":\"https:\/\/www.praxissegelsetzen.de\/#website\"},\"datePublished\":\"2021-01-04T13:36:36+00:00\",\"dateModified\":\"2025-03-12T10:51:28+00:00\",\"breadcrumb\":{\"@id\":\"https:\/\/www.praxissegelsetzen.de\/kosten#breadcrumb\"},\"inLanguage\":\"es\",\"potentialAction\":[{\"@type\":\"ReadAction\",\"target\":[\"https:\/\/www.praxissegelsetzen.de\/kosten\"]}]},{\"@type\":\"BreadcrumbList\",\"@id\":\"https:\/\/www.praxissegelsetzen.de\/kosten#breadcrumb\",\"itemListElement\":[{\"@type\":\"ListItem\",\"position\":1,\"name\":\"Startseite\",\"item\":\"https:\/\/www.praxissegelsetzen.de\/\"},{\"@type\":\"ListItem\",\"position\":2,\"name\":\"Kosten\"}]},{\"@type\":\"WebSite\",\"@id\":\"https:\/\/www.praxissegelsetzen.de\/#website\",\"url\":\"https:\/\/www.praxissegelsetzen.de\/\",\"name\":\"Praxis Segel setzen\",\"description\":\"Praxis f\u00fcr systemische Therapie und Beratung\",\"potentialAction\":[{\"@type\":\"SearchAction\",\"target\":{\"@type\":\"EntryPoint\",\"urlTemplate\":\"https:\/\/www.praxissegelsetzen.de\/?s={search_term_string}\"},\"query-input\":\"required name=search_term_string\"}],\"inLanguage\":\"es\"}]}<\/script>\n<!-- \/ Yoast SEO plugin. -->","yoast_head_json":{"title":"Kosten - Praxis Segel setzen","robots":{"index":"index","follow":"follow","max-snippet":"max-snippet:-1","max-image-preview":"max-image-preview:large","max-video-preview":"max-video-preview:-1"},"canonical":"https:\/\/www.praxissegelsetzen.de\/es\/kosten\/","og_locale":"es_ES","og_type":"article","og_title":"Kosten - Praxis Segel setzen","og_description":"Rahmenbedingungen und Kosten: \u201eSystemische Therapie ist ein weltweit verbreitetes Psychotherapieverfahren, das gem\u00e4\u00df Psychotherapeutengesetz auch in Deutschland als wissenschaftlich anerkanntes Psychotherapieverfahren zur Behandlung von Kindern, Jugendlichen und Erwachsenen gilt\u201c (vgl. DGSF und SG). Zum jetzigen Zeitpunkt ist es uns nicht m\u00f6glich, \u00fcber den Leistungskatalog der gesetzlichen Krankenkassen abzurechnen, so dass die Kosten von Ihnen selbst getragen werden m\u00fcssen. Den Erstkontakt sowie die Beratung mit Paaren und Familien f\u00fchren wir im Co-Team durch. Die Beratung\/Therapie f\u00fcr Einzelpersonen kann sowohl im Co-Team als auch mit einer Beraterin erfolgen. Die Kosten gliedern sich wie folgt: Stand: 12.03.2025 Erstkontakt: 90 \u20ac \u00e1 60 Minuten (Kennenlernen...","og_url":"https:\/\/www.praxissegelsetzen.de\/es\/kosten\/","og_site_name":"Praxis Segel setzen","article_modified_time":"2025-03-12T10:51:28+00:00","og_image":[{"width":2000,"height":1314,"url":"https:\/\/www.praxissegelsetzen.de\/wp-content\/uploads\/2021\/10\/485A8555neuklein.jpg","type":"image\/jpeg"}],"twitter_card":"summary_large_image","twitter_misc":{"Tiempo de lectura":"1 minuto"},"schema":{"@context":"https:\/\/schema.org","@graph":[{"@type":"WebPage","@id":"https:\/\/www.praxissegelsetzen.de\/kosten","url":"https:\/\/www.praxissegelsetzen.de\/kosten","name":"Kosten - Praxis Segel setzen","isPartOf":{"@id":"https:\/\/www.praxissegelsetzen.de\/#website"},"datePublished":"2021-01-04T13:36:36+00:00","dateModified":"2025-03-12T10:51:28+00:00","breadcrumb":{"@id":"https:\/\/www.praxissegelsetzen.de\/kosten#breadcrumb"},"inLanguage":"es","potentialAction":[{"@type":"ReadAction","target":["https:\/\/www.praxissegelsetzen.de\/kosten"]}]},{"@type":"BreadcrumbList","@id":"https:\/\/www.praxissegelsetzen.de\/kosten#breadcrumb","itemListElement":[{"@type":"ListItem","position":1,"name":"Startseite","item":"https:\/\/www.praxissegelsetzen.de\/"},{"@type":"ListItem","position":2,"name":"Kosten"}]},{"@type":"WebSite","@id":"https:\/\/www.praxissegelsetzen.de\/#website","url":"https:\/\/www.praxissegelsetzen.de\/","name":"Praxis Segel setzen","description":"Praxis f\u00fcr systemische Therapie und Beratung","potentialAction":[{"@type":"SearchAction","target":{"@type":"EntryPoint","urlTemplate":"https:\/\/www.praxissegelsetzen.de\/?s={search_term_string}"},"query-input":"required name=search_term_string"}],"inLanguage":"es"}]}},"_links":{"self":[{"href":"https:\/\/www.praxissegelsetzen.de\/es\/wp-json\/wp\/v2\/pages\/154","targetHints":{"allow":["GET"]}}],"collection":[{"href":"https:\/\/www.praxissegelsetzen.de\/es\/wp-json\/wp\/v2\/pages"}],"about":[{"href":"https:\/\/www.praxissegelsetzen.de\/es\/wp-json\/wp\/v2\/types\/page"}],"author":[{"embeddable":true,"href":"https:\/\/www.praxissegelsetzen.de\/es\/wp-json\/wp\/v2\/users\/1"}],"replies":[{"embeddable":true,"href":"https:\/\/www.praxissegelsetzen.de\/es\/wp-json\/wp\/v2\/comments?post=154"}],"version-history":[{"count":27,"href":"https:\/\/www.praxissegelsetzen.de\/es\/wp-json\/wp\/v2\/pages\/154\/revisions"}],"predecessor-version":[{"id":695,"href":"https:\/\/www.praxissegelsetzen.de\/es\/wp-json\/wp\/v2\/pages\/154\/revisions\/695"}],"wp:featuredmedia":[{"embeddable":true,"href":"https:\/\/www.praxissegelsetzen.de\/es\/wp-json\/wp\/v2\/media\/633"}],"wp:attachment":[{"href":"https:\/\/www.praxissegelsetzen.de\/es\/wp-json\/wp\/v2\/media?parent=154"}],"curies":[{"name":"wp","href":"https:\/\/api.w.org\/{rel}","templated":true}]}}