{"id":365,"date":"2021-01-07T13:26:48","date_gmt":"2021-01-07T13:26:48","guid":{"rendered":"https:\/\/www.praxissegelsetzen.de\/?page_id=365"},"modified":"2021-10-30T08:04:25","modified_gmt":"2021-10-30T08:04:25","slug":"systemische-therapie-systemische-beratung-therapie-beratung-bodensee-stockach-ueberlingen-radolfzell-konstanz-bodman-ludwigshafen","status":"publish","type":"page","link":"https:\/\/www.praxissegelsetzen.de\/es\/systemische-therapie-systemische-beratung-therapie-beratung-bodensee-stockach-ueberlingen-radolfzell-konstanz-bodman-ludwigshafen","title":{"rendered":"Enfoque Sistemico"},"content":{"rendered":"<p><strong>Enfoque Syst\u00e9mico<\/strong><\/p>\n<p>En nuestro consultorio de \u201cSegel setzen\u201d trabajamos de acuerdo con el enfoque sist\u00e9mico. Esto supone que las personas siempre est\u00e1n relacionadas entre s\u00ed. Las relaciones no deben verse aisladas unas de otras, sino que dependen mutuamente. Es comparable a un m\u00f3vil: si una parte del m\u00f3vil se mueve, el resto tambi\u00e9n se mueve.<br \/>\nPor tanto, la terapia sist\u00e9mica no considera al individuo de forma aislada, sino que incluye el contexto, el entorno social.<\/p>\n<p>Las crisis surgen cuando tenemos la sensaci\u00f3n de que estamos atrapados en un callej\u00f3n sin salida y nuestros intentos de soluci\u00f3n anteriores ya no funcionan o no conducen a un resultado satisfactorio. Esto puede hacer temblar sistemas enteros, como toda una familia.<\/p>\n<p>Una base central de la terapia sist\u00e9mica es ver a las personas con sus recursos y habilidades. Asume que todos tienen la soluci\u00f3n que necesitan para hacer frente a las crisis y los conflictos.<br \/>\nCon la ayuda de la terapia sist\u00e9mica, se puede permitir a las personas (re) descubrir recursos ocultos u olvidados. Los diferentes m\u00e9todos deben permitir un cambio de perspectiva y desarrollar nuevas perspectivas y acciones para que se cree un espacio para el cambio.<\/p>\n<p>La terapia sist\u00e9mica ve a las personas como expertas en s\u00ed mismas. El terapeuta: no ofrece ninguna \"soluci\u00f3n modelo\". En el proceso conjunto, se dise\u00f1a una forma individualmente adecuada en la que el cliente: Especifica \u00e9l mismo los objetivos y temas.<\/p>\n<p>vgl. <span style=\"color: #0000ff;\"><a style=\"color: #0000ff;\" href=\"https:\/\/www.dgsf.org\/\" target=\"_blank\" rel=\"noopener\">Deutsche Gesellschaft f\u00fcr systemische Therapie, Beratung und Familientherapie e. V. (DGSF)<\/a><\/span> y <span style=\"color: #0000ff;\"><a style=\"color: #0000ff;\" href=\"https:\/\/systemische-gesellschaft.de\/\" target=\"_blank\" rel=\"noopener\">Systemische Gesellschaft (SG)<\/a><\/span><\/p>","protected":false},"excerpt":{"rendered":"<p>Systemisches Denken und Arbeiten In unserer Praxis &#8220;Segel setzen&#8221; arbeiten wir nach dem systemischen Ansatz. Dieser geht davon aus, dass Menschen immer in Beziehung zueinander stehen. Beziehungen sind nicht losgel\u00f6st voneinander zu betrachten, sondern sie bedingen sich gegenseitig. Es ist vergleichbar mit einem Mobile: wenn sich ein Teil des Mobiles bewegt, bewegt sich auch der Rest. Die systemische Therapie betrachtet den Einzelnen daher nicht isoliert, sondern bezieht den Kontext, das soziale Umfeld mit ein. Krisen entstehen, wenn wir das Gef\u00fchl haben in einer Sackgasse festzustecken und unsere bisherigen L\u00f6sungsversuche nicht mehr greifen oder nicht zu einem befriedigenden Ergebnis f\u00fchren. Das&#8230; <\/p>","protected":false},"author":1,"featured_media":642,"parent":0,"menu_order":0,"comment_status":"closed","ping_status":"closed","template":"page-templates\/template-full-width.php","meta":{"footnotes":""},"class_list":["post-365","page","type-page","status-publish","has-post-thumbnail","hentry"],"yoast_head":"<!-- This site is optimized with the Yoast SEO plugin v19.9 - https:\/\/yoast.com\/wordpress\/plugins\/seo\/ -->\n<title>Systemisches Arbeiten - Praxis Segel setzen<\/title>\n<meta name=\"description\" content=\"Systemische Beratung und Therapie betrachtet nicht nur den Einzelnen, sondern bezieht das soziale Umfeld mit ein.\" \/>\n<meta name=\"robots\" content=\"index, follow, max-snippet:-1, max-image-preview:large, max-video-preview:-1\" \/>\n<link rel=\"canonical\" href=\"https:\/\/www.praxissegelsetzen.de\/es\/systemische-therapie-systemische-beratung-therapie-beratung-bodensee-stockach-ueberlingen-radolfzell-konstanz-bodman-ludwigshafen\/\" \/>\n<meta property=\"og:locale\" content=\"es_ES\" \/>\n<meta property=\"og:type\" content=\"article\" \/>\n<meta property=\"og:title\" content=\"Systemisches Arbeiten - Praxis Segel setzen\" \/>\n<meta property=\"og:description\" content=\"Systemische Beratung und Therapie betrachtet nicht nur den Einzelnen, sondern bezieht das soziale Umfeld mit ein.\" \/>\n<meta property=\"og:url\" content=\"https:\/\/www.praxissegelsetzen.de\/es\/systemische-therapie-systemische-beratung-therapie-beratung-bodensee-stockach-ueberlingen-radolfzell-konstanz-bodman-ludwigshafen\/\" \/>\n<meta property=\"og:site_name\" content=\"Praxis Segel setzen\" \/>\n<meta property=\"article:modified_time\" content=\"2021-10-30T08:04:25+00:00\" \/>\n<meta property=\"og:image\" content=\"https:\/\/www.praxissegelsetzen.de\/wp-content\/uploads\/2021\/10\/485A8479neuklein-1-e1635581038231.jpg\" \/>\n\t<meta property=\"og:image:width\" content=\"1000\" \/>\n\t<meta property=\"og:image:height\" content=\"668\" \/>\n\t<meta property=\"og:image:type\" content=\"image\/jpeg\" \/>\n<meta name=\"twitter:card\" content=\"summary_large_image\" \/>\n<meta name=\"twitter:label1\" content=\"Tiempo de lectura\" \/>\n\t<meta name=\"twitter:data1\" content=\"2 minutos\" \/>\n<script type=\"application\/ld+json\" class=\"yoast-schema-graph\">{\"@context\":\"https:\/\/schema.org\",\"@graph\":[{\"@type\":\"WebPage\",\"@id\":\"https:\/\/www.praxissegelsetzen.de\/systemische-therapie-systemische-beratung-therapie-beratung-bodensee-stockach-ueberlingen-radolfzell-konstanz-bodman-ludwigshafen\",\"url\":\"https:\/\/www.praxissegelsetzen.de\/systemische-therapie-systemische-beratung-therapie-beratung-bodensee-stockach-ueberlingen-radolfzell-konstanz-bodman-ludwigshafen\",\"name\":\"Systemisches Arbeiten - Praxis Segel setzen\",\"isPartOf\":{\"@id\":\"https:\/\/www.praxissegelsetzen.de\/#website\"},\"datePublished\":\"2021-01-07T13:26:48+00:00\",\"dateModified\":\"2021-10-30T08:04:25+00:00\",\"description\":\"Systemische Beratung und Therapie betrachtet nicht nur den Einzelnen, sondern bezieht das soziale Umfeld mit ein.\",\"breadcrumb\":{\"@id\":\"https:\/\/www.praxissegelsetzen.de\/systemische-therapie-systemische-beratung-therapie-beratung-bodensee-stockach-ueberlingen-radolfzell-konstanz-bodman-ludwigshafen#breadcrumb\"},\"inLanguage\":\"es\",\"potentialAction\":[{\"@type\":\"ReadAction\",\"target\":[\"https:\/\/www.praxissegelsetzen.de\/systemische-therapie-systemische-beratung-therapie-beratung-bodensee-stockach-ueberlingen-radolfzell-konstanz-bodman-ludwigshafen\"]}]},{\"@type\":\"BreadcrumbList\",\"@id\":\"https:\/\/www.praxissegelsetzen.de\/systemische-therapie-systemische-beratung-therapie-beratung-bodensee-stockach-ueberlingen-radolfzell-konstanz-bodman-ludwigshafen#breadcrumb\",\"itemListElement\":[{\"@type\":\"ListItem\",\"position\":1,\"name\":\"Startseite\",\"item\":\"https:\/\/www.praxissegelsetzen.de\/\"},{\"@type\":\"ListItem\",\"position\":2,\"name\":\"Systemisches Arbeiten\"}]},{\"@type\":\"WebSite\",\"@id\":\"https:\/\/www.praxissegelsetzen.de\/#website\",\"url\":\"https:\/\/www.praxissegelsetzen.de\/\",\"name\":\"Praxis Segel setzen\",\"description\":\"Praxis f\u00fcr systemische Therapie und Beratung\",\"potentialAction\":[{\"@type\":\"SearchAction\",\"target\":{\"@type\":\"EntryPoint\",\"urlTemplate\":\"https:\/\/www.praxissegelsetzen.de\/?s={search_term_string}\"},\"query-input\":\"required name=search_term_string\"}],\"inLanguage\":\"es\"}]}<\/script>\n<!-- \/ Yoast SEO plugin. -->","yoast_head_json":{"title":"Systemisches Arbeiten - Praxis Segel setzen","description":"Systemische Beratung und Therapie betrachtet nicht nur den Einzelnen, sondern bezieht das soziale Umfeld mit ein.","robots":{"index":"index","follow":"follow","max-snippet":"max-snippet:-1","max-image-preview":"max-image-preview:large","max-video-preview":"max-video-preview:-1"},"canonical":"https:\/\/www.praxissegelsetzen.de\/es\/systemische-therapie-systemische-beratung-therapie-beratung-bodensee-stockach-ueberlingen-radolfzell-konstanz-bodman-ludwigshafen\/","og_locale":"es_ES","og_type":"article","og_title":"Systemisches Arbeiten - Praxis Segel setzen","og_description":"Systemische Beratung und Therapie betrachtet nicht nur den Einzelnen, sondern bezieht das soziale Umfeld mit ein.","og_url":"https:\/\/www.praxissegelsetzen.de\/es\/systemische-therapie-systemische-beratung-therapie-beratung-bodensee-stockach-ueberlingen-radolfzell-konstanz-bodman-ludwigshafen\/","og_site_name":"Praxis Segel setzen","article_modified_time":"2021-10-30T08:04:25+00:00","og_image":[{"width":1000,"height":668,"url":"https:\/\/www.praxissegelsetzen.de\/wp-content\/uploads\/2021\/10\/485A8479neuklein-1-e1635581038231.jpg","type":"image\/jpeg"}],"twitter_card":"summary_large_image","twitter_misc":{"Tiempo de lectura":"2 minutos"},"schema":{"@context":"https:\/\/schema.org","@graph":[{"@type":"WebPage","@id":"https:\/\/www.praxissegelsetzen.de\/systemische-therapie-systemische-beratung-therapie-beratung-bodensee-stockach-ueberlingen-radolfzell-konstanz-bodman-ludwigshafen","url":"https:\/\/www.praxissegelsetzen.de\/systemische-therapie-systemische-beratung-therapie-beratung-bodensee-stockach-ueberlingen-radolfzell-konstanz-bodman-ludwigshafen","name":"Systemisches Arbeiten - Praxis Segel setzen","isPartOf":{"@id":"https:\/\/www.praxissegelsetzen.de\/#website"},"datePublished":"2021-01-07T13:26:48+00:00","dateModified":"2021-10-30T08:04:25+00:00","description":"Systemische Beratung und Therapie betrachtet nicht nur den Einzelnen, sondern bezieht das soziale Umfeld mit ein.","breadcrumb":{"@id":"https:\/\/www.praxissegelsetzen.de\/systemische-therapie-systemische-beratung-therapie-beratung-bodensee-stockach-ueberlingen-radolfzell-konstanz-bodman-ludwigshafen#breadcrumb"},"inLanguage":"es","potentialAction":[{"@type":"ReadAction","target":["https:\/\/www.praxissegelsetzen.de\/systemische-therapie-systemische-beratung-therapie-beratung-bodensee-stockach-ueberlingen-radolfzell-konstanz-bodman-ludwigshafen"]}]},{"@type":"BreadcrumbList","@id":"https:\/\/www.praxissegelsetzen.de\/systemische-therapie-systemische-beratung-therapie-beratung-bodensee-stockach-ueberlingen-radolfzell-konstanz-bodman-ludwigshafen#breadcrumb","itemListElement":[{"@type":"ListItem","position":1,"name":"Startseite","item":"https:\/\/www.praxissegelsetzen.de\/"},{"@type":"ListItem","position":2,"name":"Systemisches Arbeiten"}]},{"@type":"WebSite","@id":"https:\/\/www.praxissegelsetzen.de\/#website","url":"https:\/\/www.praxissegelsetzen.de\/","name":"Praxis Segel setzen","description":"Praxis f\u00fcr systemische Therapie und Beratung","potentialAction":[{"@type":"SearchAction","target":{"@type":"EntryPoint","urlTemplate":"https:\/\/www.praxissegelsetzen.de\/?s={search_term_string}"},"query-input":"required name=search_term_string"}],"inLanguage":"es"}]}},"_links":{"self":[{"href":"https:\/\/www.praxissegelsetzen.de\/es\/wp-json\/wp\/v2\/pages\/365","targetHints":{"allow":["GET"]}}],"collection":[{"href":"https:\/\/www.praxissegelsetzen.de\/es\/wp-json\/wp\/v2\/pages"}],"about":[{"href":"https:\/\/www.praxissegelsetzen.de\/es\/wp-json\/wp\/v2\/types\/page"}],"author":[{"embeddable":true,"href":"https:\/\/www.praxissegelsetzen.de\/es\/wp-json\/wp\/v2\/users\/1"}],"replies":[{"embeddable":true,"href":"https:\/\/www.praxissegelsetzen.de\/es\/wp-json\/wp\/v2\/comments?post=365"}],"version-history":[{"count":12,"href":"https:\/\/www.praxissegelsetzen.de\/es\/wp-json\/wp\/v2\/pages\/365\/revisions"}],"predecessor-version":[{"id":643,"href":"https:\/\/www.praxissegelsetzen.de\/es\/wp-json\/wp\/v2\/pages\/365\/revisions\/643"}],"wp:featuredmedia":[{"embeddable":true,"href":"https:\/\/www.praxissegelsetzen.de\/es\/wp-json\/wp\/v2\/media\/642"}],"wp:attachment":[{"href":"https:\/\/www.praxissegelsetzen.de\/es\/wp-json\/wp\/v2\/media?parent=365"}],"curies":[{"name":"wp","href":"https:\/\/api.w.org\/{rel}","templated":true}]}}