{"id":496,"date":"2021-01-15T14:20:18","date_gmt":"2021-01-15T14:20:18","guid":{"rendered":"https:\/\/www.praxissegelsetzen.de\/?page_id=496"},"modified":"2025-11-09T13:19:38","modified_gmt":"2025-11-09T13:19:38","slug":"steffi-test","status":"publish","type":"page","link":"https:\/\/www.praxissegelsetzen.de\/es\/steffi-test","title":{"rendered":"Stephanie Sernatinger"},"content":{"rendered":"<table width=\"100%\">\n<tbody>\n<tr>\n<td valign=\"top\" width=\"75%\"><strong>Stephanie Sernatinger<\/strong><br \/>\nJahrgang 1988<br \/>\nSozialarbeiterin \/ Sozialp\u00e4dagogin B.A.<br \/>\nSystemische Therapeutin (DGSF)<\/p>\n<h4><\/h4>\n<p>&nbsp;<\/p>\n<h4><\/h4>\n<h4 style=\"text-align: center;\"><em>&#8220;Was hinter uns liegt u<\/em><em>nd was vor uns liegt ist nichts im Vergleich dazu, was in uns liegt\u201c<\/em><\/h4>\n<p style=\"text-align: center;\">(Ralph Waldo Emerson)<\/p>\n<p><strong>Quien Soy?<\/strong><\/p>\n<p>Ich bin Sozialp\u00e4dagogin und systemische Therapeutin, unternehmungsfreudig, reiselustig, naturverliebt und ein absolutes Seekind. Ich bin ein Genussmensch und gerne mit und unter Familie und Freunden.<\/p>\n<p>Meine Haltung ist gepr\u00e4gt von Wertsch\u00e4tzung und Akzeptanz von Unterschiedlichkeit. Der Blick auf die Ressourcen und F\u00e4higkeiten eines jeden Menschen sind grundlegend f\u00fcr mich. Meine Aufgabe verstehe ich darin, Sie bei der (Wieder-) Entdeckung Ihrer St\u00e4rken und F\u00e4higkeiten\u00a0 zu unterst\u00fctzen und Sie bei Ihrer individuellen L\u00f6sungsfindung zu begleiten.<\/p>\n<p>Lassen Sie uns gemeinsam die Segel neu setzen und mit dem Wind der Ver\u00e4nderung auf Ihre pers\u00f6nliche Entdeckungsreise gehen.<\/td>\n<td valign=\"top\"><img loading=\"lazy\" decoding=\"async\" class=\"alignnone size-thumbnail\" src=\"https:\/\/www.praxissegelsetzen.de\/wp-content\/uploads\/2021\/10\/485A8600neuklein.jpg\" width=\"2000\" height=\"1333\" \/><\/td>\n<\/tr>\n<\/tbody>\n<\/table>\n<p><strong>Antecedentes profesionales:<\/strong><\/p>\n<ul>\n<li>seit 2022: Regionalleitung der Ohlebusch Villingen-Schwenningen GmbH Gesch\u00e4ftsstelle Radolfzell<\/li>\n<li>seit 2019: Lehrbeauftragte f\u00fcr Gespr\u00e4chsf\u00fchrung an der Dualen Hochschule Villingen-Schwenningen, Fakult\u00e4t Sozialwesen<\/li>\n<li>seit 2017: Systemische (Familien-) Therapeutin in der Aufsuchenden Familientherapie bei der Ohlebusch Villingen-Schwenningen GmbH an der Gesch\u00e4ftsstelle Radolfzell<\/li>\n<li>2015 \u2013 2018: Soz.arb. \/ Soz.p\u00e4d. in der Schulsozialarbeit mit Sch\u00fcler:innen mit Flucht- und \/ oder Migrationshintergrund an den beruflichen Schulen im Landkreis Konstanz<\/li>\n<li>2013 \u2013 2014: Soz.arb. \/ Soz.p\u00e4d. in der Migrationsberatung f\u00fcr erwachsene Zugewanderte (MBE) und Fl\u00fcchtlingsarbeit beim Diakonischen Werk des Evang. Kirchenbezirks Konstanz<\/li>\n<li>2008 \u2013 2009: Ehrenamtliche Mitarbeit im Frauen- und Kinderschutzhaus des Diakonischen Werks des Evang. Kirchenbezirks Konstanz<\/li>\n<li>2005 \u2013 2008: Ausbildung zur Verwaltungsfachangestellten mit anschlie\u00dfender T\u00e4tigkeit als Verwaltungsfachangestellte bei der Stadtverwaltung Stockach<\/li>\n<\/ul>\n<p><strong>Studium und Weiterbildungen:<\/strong><\/p>\n<ul>\n<li>seit 2025 in der Vertiefungsausbildung zur systemischen Paartherapeutin (zus\u00e4tzlich zur bereits abgeschlossenen Qualifikation als systemische Paartherapeutin) am <a href=\"https:\/\/www.bodensee-institut.de\/\">Bodensee-Institut Radolfzell<\/a><\/li>\n<li>2024 &#8211; 2025: Ausbildung zur Fachkraft zur ambulanten R\u00fcckfallpr\u00e4vention (f\u00fcr sexuell \u00fcbergriffige Jugendliche) bei R. Blinkle und U. Sp\u00f6ttle-Krust (<a href=\"https:\/\/www.lag-jungenarbeit.de\/\">LAG-Jungen* &#8211; &amp; M\u00e4nner*arbeit Baden-W\u00fcrttemberg e.V.\u00a0<\/a>)<\/li>\n<li>2022: Ausbildung zur systemisch orientierten Fachkraft Kindeswohlgef\u00e4hrdung am <a href=\"https:\/\/ppsb-hamburg.de\/\">PPSB-Hamburg<\/a><\/li>\n<li>2018 &#8211; 2019: Aufbauweiterbildung zur Systemischen Therapeutin \/ Familientherapeutin mit DGSF Anerkennung am <a href=\"https:\/\/www.bodensee-institut.de\/\">Bodensee-Institut Radolfzell<\/a><\/li>\n<li>2016 \u2013 2018: Weiterbildung zur Systemischen Beraterin mit DGSF Anerkennung am <a href=\"https:\/\/www.bodensee-institut.de\/\">Bodensee-Institut Radolfzell<\/a><\/li>\n<li>2009 \u2013 2013: Studium der Sozialen Arbeit an der Evangelischen Hochschule Freiburg. Davon von 2010 bis 2011 Praxissemester im Sozialdienst der Abteilung f\u00fcr Psychiatrie und Psychotherapie der Universit\u00e4tsklinik Freiburg (Akut-Aufnahme und Gerontopsychiatrie)<\/li>\n<\/ul>\n<p><strong>Fortbildungen:<\/strong><\/p>\n<ul>\n<li>Traumap\u00e4dagogische Haltungen und Ansatzpunkte f\u00fcr die Praxis<\/li>\n<li>Flashback &amp; Co: Einf\u00fchrung in Belastungsreaktionen<\/li>\n<li>Pr\u00e4natale Einfl\u00fcsse auf die Entwicklung von Kindern<\/li>\n<li>Kindeswohlgef\u00e4hrdung und Risikoeinsch\u00e4tzung<\/li>\n<li>Gewaltfreie Kommunikation (GfK) nach Marshall Rosenberg<\/li>\n<li>Radikalisierungstendenzen junger Menschen in Schulen<\/li>\n<li>Ausl\u00e4nderrecht und Sozialrecht<\/li>\n<\/ul>","protected":false},"excerpt":{"rendered":"<p>Stephanie Sernatinger Jahrgang 1988 Sozialarbeiterin \/ Sozialp\u00e4dagogin B.A. Systemische Therapeutin (DGSF) &nbsp; &#8220;Was hinter uns liegt und was vor uns liegt ist nichts im Vergleich dazu, was in uns liegt\u201c (Ralph Waldo Emerson) Wer bin ich? Ich bin Sozialp\u00e4dagogin und systemische Therapeutin, unternehmungsfreudig, reiselustig, naturverliebt und ein absolutes Seekind. Ich bin ein Genussmensch und gerne mit und unter Familie und Freunden. Meine Haltung ist gepr\u00e4gt von Wertsch\u00e4tzung und Akzeptanz von Unterschiedlichkeit. Der Blick auf die Ressourcen und F\u00e4higkeiten eines jeden Menschen sind grundlegend f\u00fcr mich. Meine Aufgabe verstehe ich darin, Sie bei der (Wieder-) Entdeckung Ihrer St\u00e4rken und F\u00e4higkeiten\u00a0 zu&#8230; <\/p>","protected":false},"author":1,"featured_media":633,"parent":0,"menu_order":0,"comment_status":"closed","ping_status":"closed","template":"page-templates\/template-full-width.php","meta":{"footnotes":""},"class_list":["post-496","page","type-page","status-publish","has-post-thumbnail","hentry"],"yoast_head":"<!-- This site is optimized with the Yoast SEO plugin v19.9 - https:\/\/yoast.com\/wordpress\/plugins\/seo\/ -->\n<title>Stephanie Sernatinger - Praxis Segel setzen<\/title>\n<meta name=\"robots\" content=\"index, follow, max-snippet:-1, max-image-preview:large, max-video-preview:-1\" \/>\n<link rel=\"canonical\" href=\"https:\/\/www.praxissegelsetzen.de\/es\/steffi-test\/\" \/>\n<meta property=\"og:locale\" content=\"es_ES\" \/>\n<meta property=\"og:type\" content=\"article\" \/>\n<meta property=\"og:title\" content=\"Stephanie Sernatinger - Praxis Segel setzen\" \/>\n<meta property=\"og:description\" content=\"Stephanie Sernatinger Jahrgang 1988 Sozialarbeiterin \/ Sozialp\u00e4dagogin B.A. Systemische Therapeutin (DGSF) &nbsp; &#8220;Was hinter uns liegt und was vor uns liegt ist nichts im Vergleich dazu, was in uns liegt\u201c (Ralph Waldo Emerson) Wer bin ich? Ich bin Sozialp\u00e4dagogin und systemische Therapeutin, unternehmungsfreudig, reiselustig, naturverliebt und ein absolutes Seekind. Ich bin ein Genussmensch und gerne mit und unter Familie und Freunden. Meine Haltung ist gepr\u00e4gt von Wertsch\u00e4tzung und Akzeptanz von Unterschiedlichkeit. Der Blick auf die Ressourcen und F\u00e4higkeiten eines jeden Menschen sind grundlegend f\u00fcr mich. Meine Aufgabe verstehe ich darin, Sie bei der (Wieder-) Entdeckung Ihrer St\u00e4rken und F\u00e4higkeiten\u00a0 zu...\" \/>\n<meta property=\"og:url\" content=\"https:\/\/www.praxissegelsetzen.de\/es\/steffi-test\/\" \/>\n<meta property=\"og:site_name\" content=\"Praxis Segel setzen\" \/>\n<meta property=\"article:modified_time\" content=\"2025-11-09T13:19:38+00:00\" \/>\n<meta property=\"og:image\" content=\"https:\/\/www.praxissegelsetzen.de\/wp-content\/uploads\/2021\/10\/485A8555neuklein.jpg\" \/>\n\t<meta property=\"og:image:width\" content=\"2000\" \/>\n\t<meta property=\"og:image:height\" content=\"1314\" \/>\n\t<meta property=\"og:image:type\" content=\"image\/jpeg\" \/>\n<meta name=\"twitter:card\" content=\"summary_large_image\" \/>\n<meta name=\"twitter:label1\" content=\"Tiempo de lectura\" \/>\n\t<meta name=\"twitter:data1\" content=\"3 minutos\" \/>\n<script type=\"application\/ld+json\" class=\"yoast-schema-graph\">{\"@context\":\"https:\/\/schema.org\",\"@graph\":[{\"@type\":\"WebPage\",\"@id\":\"https:\/\/www.praxissegelsetzen.de\/steffi-test\",\"url\":\"https:\/\/www.praxissegelsetzen.de\/steffi-test\",\"name\":\"Stephanie Sernatinger - Praxis Segel setzen\",\"isPartOf\":{\"@id\":\"https:\/\/www.praxissegelsetzen.de\/#website\"},\"datePublished\":\"2021-01-15T14:20:18+00:00\",\"dateModified\":\"2025-11-09T13:19:38+00:00\",\"breadcrumb\":{\"@id\":\"https:\/\/www.praxissegelsetzen.de\/steffi-test#breadcrumb\"},\"inLanguage\":\"es\",\"potentialAction\":[{\"@type\":\"ReadAction\",\"target\":[\"https:\/\/www.praxissegelsetzen.de\/steffi-test\"]}]},{\"@type\":\"BreadcrumbList\",\"@id\":\"https:\/\/www.praxissegelsetzen.de\/steffi-test#breadcrumb\",\"itemListElement\":[{\"@type\":\"ListItem\",\"position\":1,\"name\":\"Startseite\",\"item\":\"https:\/\/www.praxissegelsetzen.de\/\"},{\"@type\":\"ListItem\",\"position\":2,\"name\":\"Stephanie Sernatinger\"}]},{\"@type\":\"WebSite\",\"@id\":\"https:\/\/www.praxissegelsetzen.de\/#website\",\"url\":\"https:\/\/www.praxissegelsetzen.de\/\",\"name\":\"Praxis Segel setzen\",\"description\":\"Praxis f\u00fcr systemische Therapie und Beratung\",\"potentialAction\":[{\"@type\":\"SearchAction\",\"target\":{\"@type\":\"EntryPoint\",\"urlTemplate\":\"https:\/\/www.praxissegelsetzen.de\/?s={search_term_string}\"},\"query-input\":\"required name=search_term_string\"}],\"inLanguage\":\"es\"}]}<\/script>\n<!-- \/ Yoast SEO plugin. -->","yoast_head_json":{"title":"Stephanie Sernatinger - Praxis Segel setzen","robots":{"index":"index","follow":"follow","max-snippet":"max-snippet:-1","max-image-preview":"max-image-preview:large","max-video-preview":"max-video-preview:-1"},"canonical":"https:\/\/www.praxissegelsetzen.de\/es\/steffi-test\/","og_locale":"es_ES","og_type":"article","og_title":"Stephanie Sernatinger - Praxis Segel setzen","og_description":"Stephanie Sernatinger Jahrgang 1988 Sozialarbeiterin \/ Sozialp\u00e4dagogin B.A. Systemische Therapeutin (DGSF) &nbsp; &#8220;Was hinter uns liegt und was vor uns liegt ist nichts im Vergleich dazu, was in uns liegt\u201c (Ralph Waldo Emerson) Wer bin ich? Ich bin Sozialp\u00e4dagogin und systemische Therapeutin, unternehmungsfreudig, reiselustig, naturverliebt und ein absolutes Seekind. Ich bin ein Genussmensch und gerne mit und unter Familie und Freunden. Meine Haltung ist gepr\u00e4gt von Wertsch\u00e4tzung und Akzeptanz von Unterschiedlichkeit. Der Blick auf die Ressourcen und F\u00e4higkeiten eines jeden Menschen sind grundlegend f\u00fcr mich. Meine Aufgabe verstehe ich darin, Sie bei der (Wieder-) Entdeckung Ihrer St\u00e4rken und F\u00e4higkeiten\u00a0 zu...","og_url":"https:\/\/www.praxissegelsetzen.de\/es\/steffi-test\/","og_site_name":"Praxis Segel setzen","article_modified_time":"2025-11-09T13:19:38+00:00","og_image":[{"width":2000,"height":1314,"url":"https:\/\/www.praxissegelsetzen.de\/wp-content\/uploads\/2021\/10\/485A8555neuklein.jpg","type":"image\/jpeg"}],"twitter_card":"summary_large_image","twitter_misc":{"Tiempo de lectura":"3 minutos"},"schema":{"@context":"https:\/\/schema.org","@graph":[{"@type":"WebPage","@id":"https:\/\/www.praxissegelsetzen.de\/steffi-test","url":"https:\/\/www.praxissegelsetzen.de\/steffi-test","name":"Stephanie Sernatinger - Praxis Segel setzen","isPartOf":{"@id":"https:\/\/www.praxissegelsetzen.de\/#website"},"datePublished":"2021-01-15T14:20:18+00:00","dateModified":"2025-11-09T13:19:38+00:00","breadcrumb":{"@id":"https:\/\/www.praxissegelsetzen.de\/steffi-test#breadcrumb"},"inLanguage":"es","potentialAction":[{"@type":"ReadAction","target":["https:\/\/www.praxissegelsetzen.de\/steffi-test"]}]},{"@type":"BreadcrumbList","@id":"https:\/\/www.praxissegelsetzen.de\/steffi-test#breadcrumb","itemListElement":[{"@type":"ListItem","position":1,"name":"Startseite","item":"https:\/\/www.praxissegelsetzen.de\/"},{"@type":"ListItem","position":2,"name":"Stephanie Sernatinger"}]},{"@type":"WebSite","@id":"https:\/\/www.praxissegelsetzen.de\/#website","url":"https:\/\/www.praxissegelsetzen.de\/","name":"Praxis Segel setzen","description":"Praxis f\u00fcr systemische Therapie und Beratung","potentialAction":[{"@type":"SearchAction","target":{"@type":"EntryPoint","urlTemplate":"https:\/\/www.praxissegelsetzen.de\/?s={search_term_string}"},"query-input":"required name=search_term_string"}],"inLanguage":"es"}]}},"_links":{"self":[{"href":"https:\/\/www.praxissegelsetzen.de\/es\/wp-json\/wp\/v2\/pages\/496","targetHints":{"allow":["GET"]}}],"collection":[{"href":"https:\/\/www.praxissegelsetzen.de\/es\/wp-json\/wp\/v2\/pages"}],"about":[{"href":"https:\/\/www.praxissegelsetzen.de\/es\/wp-json\/wp\/v2\/types\/page"}],"author":[{"embeddable":true,"href":"https:\/\/www.praxissegelsetzen.de\/es\/wp-json\/wp\/v2\/users\/1"}],"replies":[{"embeddable":true,"href":"https:\/\/www.praxissegelsetzen.de\/es\/wp-json\/wp\/v2\/comments?post=496"}],"version-history":[{"count":64,"href":"https:\/\/www.praxissegelsetzen.de\/es\/wp-json\/wp\/v2\/pages\/496\/revisions"}],"predecessor-version":[{"id":703,"href":"https:\/\/www.praxissegelsetzen.de\/es\/wp-json\/wp\/v2\/pages\/496\/revisions\/703"}],"wp:featuredmedia":[{"embeddable":true,"href":"https:\/\/www.praxissegelsetzen.de\/es\/wp-json\/wp\/v2\/media\/633"}],"wp:attachment":[{"href":"https:\/\/www.praxissegelsetzen.de\/es\/wp-json\/wp\/v2\/media?parent=496"}],"curies":[{"name":"wp","href":"https:\/\/api.w.org\/{rel}","templated":true}]}}