{"id":82,"date":"2020-11-27T21:51:57","date_gmt":"2020-11-27T21:51:57","guid":{"rendered":"https:\/\/www.praxissegelsetzen.de\/?page_id=82"},"modified":"2026-03-10T20:02:25","modified_gmt":"2026-03-10T20:02:25","slug":"datenschutz","status":"publish","type":"page","link":"https:\/\/www.praxissegelsetzen.de\/es\/datenschutz","title":{"rendered":"Datenschutz"},"content":{"rendered":"<p><span style=\"color: #000000;\"><strong>Datenschutzerkl\u00e4rung<\/strong><\/span><\/p>\n<p>Wir nehmen den Schutz Ihrer pers\u00f6nlichen Daten sehr ernst. Wir behandeln Ihre personenbezogenen Daten vertraulich und entsprechend der gesetzlichen Datenschutzvorschriften sowie dieser Datenschutzerkl\u00e4rung. Wir m\u00f6chten Sie hiermit \u00fcber die Verarbeitung von personenbezogenen Daten auf dieser Website informieren. Wir verarbeiten Ihre pers\u00f6nlichen Daten nur, wenn Sie hierin eingewilligt haben oder hier eine gesetzliche Grundlage besteht.<\/p>\n<p><strong><span style=\"color: #000000;\">Name und Kontaktdaten der Verantwortlichen<\/span><\/strong><br \/>\nVerantwortlich f\u00fcr die Verarbeitung der personenbezogenen Daten ist:<br \/>\nPraxis Segel setzen<br \/>\nPraxis f\u00fcr systemische Therapie und Beratung<br \/>\nAlexandra Roidl y Stephanie Sernatinger<br \/>\nAlemannenweg 1, 78351 Bodman-Ludwigshafen<br \/>\nBl\u00fctenweg 8, 78351 Bodman-Ludwigshafen<br \/>\ninfo@praxissegelsetzen.de<br \/>\nTel.: +49 1573 9074321<\/p>\n<p><strong><span style=\"color: #000000;\">Verarbeitung personenbezogener Daten, Zweck der Verwendung und Rechtsgrundlagen<\/span><\/strong><br \/>\n<strong><span style=\"color: #000000;\">Allgemein \u2013 Besuch der Website<\/span><\/strong><br \/>\nUnsere Website dient der Bereitstellung von Informationen \u00fcber unsere Praxis. Beim Besuch unserer Website werden durch den auf Ihrem Endger\u00e4t zum Einsatz kommenden Browser Informationen an den Server unserer Website gesendet. Diese Informationen werden tempor\u00e4r in den Logfiles des Servers gespeichert. Folgende Informationen werden dabei erhoben:<\/p>\n<p>\u2981 IP-Adresse des anfragenden Rechners<br \/>\n\u2981 Datum und Uhrzeit des Zugriffs<br \/>\n\u2981 Name und URL der abgerufenen Datei<br \/>\n\u2981 zuvor besuchte Webseite (Referrer-URL)<br \/>\n\u2981 verwendeter Browser und ggf. das Betriebssystem Ihres Rechners sowie der Name Ihres Access-Providers<\/p>\n<p>Die genannten Daten werden erhoben und verarbeitet, damit ein reibungsloser Verbindungsaufbau der Website sichergestellt wird und die Inhalte korrekt dargestellt werden. Die Daten werden gel\u00f6scht, wenn sie nicht mehr erforderlich sind. Die Rechtsgrundlage f\u00fcr die Datenverarbeitung ist Artikel 6 Absatz 1 Satz 1 lit. f DSGVO. Unser berechtigtes Interesse folgt aus oben aufgelisteten Zwecken zur Datenerhebung. In keinem Fall verwenden wir die erhobenen Daten zu dem Zweck, R\u00fcckschl\u00fcsse auf Ihre Person zu ziehen.<\/p>\n<p><strong><span style=\"color: #000000;\">Nutzung des Kontaktformulars \/ Kontaktaufnahme per E-Mail<\/span><\/strong><br \/>\nWir weisen darauf hin, dass die Daten\u00fcbertragung im Internet Sicherheitsl\u00fccken aufweisen kann. Ein l\u00fcckenloser Schutz der Daten vor dem Zugriff durch Dritte ist nicht m\u00f6glich. Sollten Sie unser Kontaktformular verwenden oder \u00fcber E-Mail-Kontakt mit uns aufnehmen, erfolgt die Verarbeitung Ihrer Daten aufgrund Ihrer freiwillig erteilten Einwilligung gem\u00e4\u00df Artikel 6 Absatz 1 Satz 1 lit. a DSGVO.<\/p>\n<p>Die Angabe Ihrer g\u00fcltigen E-Mail-Adresse ist erforderlich, um Ihre Anfragen beantworten zu k\u00f6nnen. Diese Daten und Ihre Nachricht werden nur zur Bearbeitung und Beantwortung Ihrer Anfrage gespeichert. Die Daten werden gel\u00f6scht, sobald sie nicht mehr erforderlich sind und keine gesetzliche Aufbewahrungspflicht besteht. Eine Weitergabe Ihrer Daten an Dritte erfolgt nicht. Ihre Einwilligung k\u00f6nnen Sie jederzeit widerrufen. Durch den Widerruf wird die Rechtm\u00e4\u00dfigkeit, der aufgrund der Einwilligung bis zum Widerruf erfolgten Verarbeitung der Daten nicht ber\u00fchrt. Den Widerruf k\u00f6nnen Sie schriftlich oder per E-Mail-richten an:<\/p>\n<p>Praxis Segel setzen<br \/>\nAlexandra Roidl y Stephanie Sernatinger<br \/>\nM\u00fchbachstra\u00dfe 20<br \/>\n78351 Bodman-Ludwigshafen<\/p>\n<p>Zum Schutz der \u00dcbertragung vertraulicher Inhalte wird bei der Verwendung des Kontaktformulars eine SSL-Verschl\u00fcsselung (Secure Socket Layer) in Verbindung mit der jeweils h\u00f6chsten Verschl\u00fcsselungsstufe verwendet. Eine verschl\u00fcsselte Seite erkennen Sie an der Adresszeile des Browsers, der von \u201ehttp:\/\/\u201c auf \u201ehttps:\/\/\u201c wechselt, oder am Schlosssymbol in der Browserzeile.<\/p>\n<p>Bitte schreiben Sie keine vertraulichen Informationen, insbesondere Gesundheitsdaten in das Kontaktformular oder in eine unverschl\u00fcsselte E-Mail, sondern nutzen Sie es nur zu einer ersten Kontaktaufnahme.<\/p>\n<p><strong><span style=\"color: #000000;\">Weitergabe von Daten<\/span><\/strong><br \/>\nDie auf unserer Website erhobenen Daten werden ohne Ihre ausdr\u00fcckliche Einwilligung (Artikel 6 Absatz 1 Satz 1 lit. a DSGVO) nicht an Dritte weitergegeben.<\/p>\n<p><strong><span style=\"color: #000000;\">Ihre Rechte<\/span><\/strong><br \/>\nSie haben folgende Rechte:<br \/>\n\u2981 Recht auf Auskunft \u00fcber Ihre von mir\/uns verarbeiteten personenbezogenen Daten (Artikel 15 DSGVO), dazu geh\u00f6rt auch: Auskunft \u00fcber Verarbeitungszweck, Kategorie der personenbezogenen Daten, Empf\u00e4nger oder Kategorien von Empf\u00e4ngern, geplante Speicherdauer<br \/>\n\u2981 Recht auf unverz\u00fcgliche Berichtigung unrichtiger Daten oder Vervollst\u00e4ndigung unvollst\u00e4ndiger Daten (Artikel 16 DSGVO)<br \/>\n\u2981 Recht auf unverz\u00fcgliche L\u00f6schung (Artikel 17 DSGVO)<br \/>\n\u2981 Recht auf Einschr\u00e4nkung der Verarbeitung (Artikel 18 DSGVO)<br \/>\n\u2981 Recht auf Daten\u00fcbertragbarkeit (Artikel 20 DSGVO)<br \/>\n\u2981 Recht auf jederzeitigen Widerruf Ihrer einmal erteilten Einwilligung (Artikel 7 Absatz 3 DSGVO)<br \/>\n\u2981 Recht auf Widerspruch gegen die Verarbeitung bei der Datenerhebung auf Grundlage von berechtigten Interessen nach Artikel 6 Absatz 1 Satz 1 lit. f DSGVO, soweit daf\u00fcr Gr\u00fcnde vorliegen, die sich aus Ihrer besonderen Situation ergeben (Artikel 21 DSGVO)<br \/>\n\u2981 Recht, nicht einer ausschlie\u00dflich auf einer automatisierten Verarbeitung \u2013 einschlie\u00dflich Profiling \u2013 beruhenden Entscheidung unterworfen zu werden, die Ihnen gegen\u00fcber rechtliche Wirkung entfaltet oder sie in \u00e4hnlicher Weise erheblich beeintr\u00e4chtigt (Art. 22 DSGVO)<\/p>\n<p>Um diese Rechte geltend zu machen, k\u00f6nnen Sie sich jederzeit an den unter Ziffer 1 genannten Verantwortlichen wenden.<\/p>\n<p><strong><span style=\"color: #000000;\">Beschwerderecht bei Aufsichtsbeh\u00f6rde<\/span><\/strong><br \/>\nSie haben das Recht, sich bei einer Aufsichtsbeh\u00f6rde zu beschweren (Artikel 77 DSGVO). In der Regel k\u00f6nnen Sie sich hierf\u00fcr an die Aufsichtsbeh\u00f6rde Ihres \u00fcblichen Aufenthaltsortes oder Arbeitsplatzes wenden. Die f\u00fcr uns zust\u00e4ndige Aufsichtsbeh\u00f6rde ist:<\/p>\n<p>Der Landesbeauftragte f\u00fcr den Datenschutz und die Informationsfreiheit Baden-W\u00fcrttemberg:<br \/>\nDr. Stefan Brink<br \/>\nPostfach 10 29 32<br \/>\n70025 Stuttgart<br \/>\noder:<br \/>\nK\u00f6nigstra\u00dfe 10a<br \/>\n70173 Stuttgart<br \/>\nTelefon: 07 11\/61 55 41-0<br \/>\nTelefax: 07 11\/61 55 41-15<br \/>\nE-Mail: poststelle@lfdi.bwl.de<\/p>\n<p><strong><span style=\"color: #000000;\">Aktualit\u00e4t und \u00c4nderung dieser Datenschutzerkl\u00e4rung<\/span><\/strong><br \/>\nDiese Datenschutzerkl\u00e4rung hat den Stand Mai 2018. Wir behalten uns vor, die Datenschutzerkl\u00e4rung zu aktualisieren, um den Datenschutz zu verbessern oder an ge\u00e4nderte beh\u00f6rdliche oder gerichtliche Vorgaben anzupassen. Die aktuelle Datenschutzerkl\u00e4rung kann jederzeit auf der Website unter https:\/\/www.praxissegelsetzen.de\/datenschutz abgerufen und ausgedruckt werden.<\/p>\n<p><strong><span style=\"color: #000000;\">Verarbeitung besonderer Kategorien personenbezogener Daten (z. B. Gesundheitsdaten), Artikel 9 DSGVO<\/span><\/strong><br \/>\nBesondere Kategorien personenbezogener Daten, wie Gesundheitsdaten, d\u00fcrfen grunds\u00e4tzlich nicht verarbeitet werden (Artikel 9 Absatz 1 DSGVO). Ausnahmen ergeben sich aus Artikel 9 Absatz 2 DSGVO z. B. bei einer ausdr\u00fccklichen Einwilligung zu einem besonderen Zweck (Artikel 9 Absatz 2 lit. a DSGVO) oder auf Grundlage eines Vertrages mit einem Angeh\u00f6rigen eines Gesundheitsberufes (Artikel 9 Absatz 2 lit. h DSGVO).<\/p>","protected":false},"excerpt":{"rendered":"<p>Datenschutzerkl\u00e4rung Wir nehmen den Schutz Ihrer pers\u00f6nlichen Daten sehr ernst. Wir behandeln Ihre personenbezogenen Daten vertraulich und entsprechend der gesetzlichen Datenschutzvorschriften sowie dieser Datenschutzerkl\u00e4rung. Wir m\u00f6chten Sie hiermit \u00fcber die Verarbeitung von personenbezogenen Daten auf dieser Website informieren. Wir verarbeiten Ihre pers\u00f6nlichen Daten nur, wenn Sie hierin eingewilligt haben oder hier eine gesetzliche Grundlage besteht. Name und Kontaktdaten der Verantwortlichen Verantwortlich f\u00fcr die Verarbeitung der personenbezogenen Daten ist: Praxis Segel setzen Praxis f\u00fcr systemische Therapie und Beratung Alexandra Roidl und Stephanie Sernatinger Alemannenweg 1, 78351 Bodman-Ludwigshafen Bl\u00fctenweg 8, 78351 Bodman-Ludwigshafen info@praxissegelsetzen.de Tel.: +49 1573 9074321 Verarbeitung personenbezogener Daten, Zweck der&#8230; <\/p>","protected":false},"author":1,"featured_media":0,"parent":0,"menu_order":0,"comment_status":"closed","ping_status":"closed","template":"","meta":{"footnotes":""},"class_list":["post-82","page","type-page","status-publish","hentry"],"yoast_head":"<!-- This site is optimized with the Yoast SEO plugin v19.9 - https:\/\/yoast.com\/wordpress\/plugins\/seo\/ -->\n<title>Datenschutz - Praxis Segel setzen<\/title>\n<meta name=\"robots\" content=\"index, follow, max-snippet:-1, max-image-preview:large, max-video-preview:-1\" \/>\n<link rel=\"canonical\" href=\"https:\/\/www.praxissegelsetzen.de\/es\/datenschutz\/\" \/>\n<meta property=\"og:locale\" content=\"es_ES\" \/>\n<meta property=\"og:type\" content=\"article\" \/>\n<meta property=\"og:title\" content=\"Datenschutz - Praxis Segel setzen\" \/>\n<meta property=\"og:description\" content=\"Datenschutzerkl\u00e4rung Wir nehmen den Schutz Ihrer pers\u00f6nlichen Daten sehr ernst. Wir behandeln Ihre personenbezogenen Daten vertraulich und entsprechend der gesetzlichen Datenschutzvorschriften sowie dieser Datenschutzerkl\u00e4rung. Wir m\u00f6chten Sie hiermit \u00fcber die Verarbeitung von personenbezogenen Daten auf dieser Website informieren. Wir verarbeiten Ihre pers\u00f6nlichen Daten nur, wenn Sie hierin eingewilligt haben oder hier eine gesetzliche Grundlage besteht. Name und Kontaktdaten der Verantwortlichen Verantwortlich f\u00fcr die Verarbeitung der personenbezogenen Daten ist: Praxis Segel setzen Praxis f\u00fcr systemische Therapie und Beratung Alexandra Roidl und Stephanie Sernatinger Alemannenweg 1, 78351 Bodman-Ludwigshafen Bl\u00fctenweg 8, 78351 Bodman-Ludwigshafen info@praxissegelsetzen.de Tel.: +49 1573 9074321 Verarbeitung personenbezogener Daten, Zweck der...\" \/>\n<meta property=\"og:url\" content=\"https:\/\/www.praxissegelsetzen.de\/es\/datenschutz\/\" \/>\n<meta property=\"og:site_name\" content=\"Praxis Segel setzen\" \/>\n<meta property=\"article:modified_time\" content=\"2026-03-10T20:02:25+00:00\" \/>\n<meta name=\"twitter:card\" content=\"summary_large_image\" \/>\n<meta name=\"twitter:label1\" content=\"Tiempo de lectura\" \/>\n\t<meta name=\"twitter:data1\" content=\"4 minutos\" \/>\n<script type=\"application\/ld+json\" class=\"yoast-schema-graph\">{\"@context\":\"https:\/\/schema.org\",\"@graph\":[{\"@type\":\"WebPage\",\"@id\":\"https:\/\/www.praxissegelsetzen.de\/datenschutz\",\"url\":\"https:\/\/www.praxissegelsetzen.de\/datenschutz\",\"name\":\"Datenschutz - Praxis Segel setzen\",\"isPartOf\":{\"@id\":\"https:\/\/www.praxissegelsetzen.de\/#website\"},\"datePublished\":\"2020-11-27T21:51:57+00:00\",\"dateModified\":\"2026-03-10T20:02:25+00:00\",\"breadcrumb\":{\"@id\":\"https:\/\/www.praxissegelsetzen.de\/datenschutz#breadcrumb\"},\"inLanguage\":\"es\",\"potentialAction\":[{\"@type\":\"ReadAction\",\"target\":[\"https:\/\/www.praxissegelsetzen.de\/datenschutz\"]}]},{\"@type\":\"BreadcrumbList\",\"@id\":\"https:\/\/www.praxissegelsetzen.de\/datenschutz#breadcrumb\",\"itemListElement\":[{\"@type\":\"ListItem\",\"position\":1,\"name\":\"Startseite\",\"item\":\"https:\/\/www.praxissegelsetzen.de\/\"},{\"@type\":\"ListItem\",\"position\":2,\"name\":\"Datenschutz\"}]},{\"@type\":\"WebSite\",\"@id\":\"https:\/\/www.praxissegelsetzen.de\/#website\",\"url\":\"https:\/\/www.praxissegelsetzen.de\/\",\"name\":\"Praxis Segel setzen\",\"description\":\"Praxis f\u00fcr systemische Therapie und Beratung\",\"potentialAction\":[{\"@type\":\"SearchAction\",\"target\":{\"@type\":\"EntryPoint\",\"urlTemplate\":\"https:\/\/www.praxissegelsetzen.de\/?s={search_term_string}\"},\"query-input\":\"required name=search_term_string\"}],\"inLanguage\":\"es\"}]}<\/script>\n<!-- \/ Yoast SEO plugin. -->","yoast_head_json":{"title":"Datenschutz - Praxis Segel setzen","robots":{"index":"index","follow":"follow","max-snippet":"max-snippet:-1","max-image-preview":"max-image-preview:large","max-video-preview":"max-video-preview:-1"},"canonical":"https:\/\/www.praxissegelsetzen.de\/es\/datenschutz\/","og_locale":"es_ES","og_type":"article","og_title":"Datenschutz - Praxis Segel setzen","og_description":"Datenschutzerkl\u00e4rung Wir nehmen den Schutz Ihrer pers\u00f6nlichen Daten sehr ernst. Wir behandeln Ihre personenbezogenen Daten vertraulich und entsprechend der gesetzlichen Datenschutzvorschriften sowie dieser Datenschutzerkl\u00e4rung. Wir m\u00f6chten Sie hiermit \u00fcber die Verarbeitung von personenbezogenen Daten auf dieser Website informieren. Wir verarbeiten Ihre pers\u00f6nlichen Daten nur, wenn Sie hierin eingewilligt haben oder hier eine gesetzliche Grundlage besteht. Name und Kontaktdaten der Verantwortlichen Verantwortlich f\u00fcr die Verarbeitung der personenbezogenen Daten ist: Praxis Segel setzen Praxis f\u00fcr systemische Therapie und Beratung Alexandra Roidl und Stephanie Sernatinger Alemannenweg 1, 78351 Bodman-Ludwigshafen Bl\u00fctenweg 8, 78351 Bodman-Ludwigshafen info@praxissegelsetzen.de Tel.: +49 1573 9074321 Verarbeitung personenbezogener Daten, Zweck der...","og_url":"https:\/\/www.praxissegelsetzen.de\/es\/datenschutz\/","og_site_name":"Praxis Segel setzen","article_modified_time":"2026-03-10T20:02:25+00:00","twitter_card":"summary_large_image","twitter_misc":{"Tiempo de lectura":"4 minutos"},"schema":{"@context":"https:\/\/schema.org","@graph":[{"@type":"WebPage","@id":"https:\/\/www.praxissegelsetzen.de\/datenschutz","url":"https:\/\/www.praxissegelsetzen.de\/datenschutz","name":"Datenschutz - Praxis Segel setzen","isPartOf":{"@id":"https:\/\/www.praxissegelsetzen.de\/#website"},"datePublished":"2020-11-27T21:51:57+00:00","dateModified":"2026-03-10T20:02:25+00:00","breadcrumb":{"@id":"https:\/\/www.praxissegelsetzen.de\/datenschutz#breadcrumb"},"inLanguage":"es","potentialAction":[{"@type":"ReadAction","target":["https:\/\/www.praxissegelsetzen.de\/datenschutz"]}]},{"@type":"BreadcrumbList","@id":"https:\/\/www.praxissegelsetzen.de\/datenschutz#breadcrumb","itemListElement":[{"@type":"ListItem","position":1,"name":"Startseite","item":"https:\/\/www.praxissegelsetzen.de\/"},{"@type":"ListItem","position":2,"name":"Datenschutz"}]},{"@type":"WebSite","@id":"https:\/\/www.praxissegelsetzen.de\/#website","url":"https:\/\/www.praxissegelsetzen.de\/","name":"Praxis Segel setzen","description":"Praxis f\u00fcr systemische Therapie und Beratung","potentialAction":[{"@type":"SearchAction","target":{"@type":"EntryPoint","urlTemplate":"https:\/\/www.praxissegelsetzen.de\/?s={search_term_string}"},"query-input":"required name=search_term_string"}],"inLanguage":"es"}]}},"_links":{"self":[{"href":"https:\/\/www.praxissegelsetzen.de\/es\/wp-json\/wp\/v2\/pages\/82","targetHints":{"allow":["GET"]}}],"collection":[{"href":"https:\/\/www.praxissegelsetzen.de\/es\/wp-json\/wp\/v2\/pages"}],"about":[{"href":"https:\/\/www.praxissegelsetzen.de\/es\/wp-json\/wp\/v2\/types\/page"}],"author":[{"embeddable":true,"href":"https:\/\/www.praxissegelsetzen.de\/es\/wp-json\/wp\/v2\/users\/1"}],"replies":[{"embeddable":true,"href":"https:\/\/www.praxissegelsetzen.de\/es\/wp-json\/wp\/v2\/comments?post=82"}],"version-history":[{"count":13,"href":"https:\/\/www.praxissegelsetzen.de\/es\/wp-json\/wp\/v2\/pages\/82\/revisions"}],"predecessor-version":[{"id":627,"href":"https:\/\/www.praxissegelsetzen.de\/es\/wp-json\/wp\/v2\/pages\/82\/revisions\/627"}],"wp:attachment":[{"href":"https:\/\/www.praxissegelsetzen.de\/es\/wp-json\/wp\/v2\/media?parent=82"}],"curies":[{"name":"wp","href":"https:\/\/api.w.org\/{rel}","templated":true}]}}